{"id":4786,"date":"2023-12-21T23:14:36","date_gmt":"2023-12-21T23:14:36","guid":{"rendered":"https:\/\/i3e.umh.es\/?page_id=4786"},"modified":"2024-01-27T17:30:55","modified_gmt":"2024-01-27T17:30:55","slug":"objectives-2","status":"publish","type":"page","link":"https:\/\/i3e.umh.es\/en\/home\/objectives-2\/","title":{"rendered":"Objectives"},"content":{"rendered":"<p>[et_pb_section fb_built=&#8221;1&#8243; admin_label=&#8221;section&#8221; _builder_version=&#8221;4.17.4&#8243; custom_padding=&#8221;0px|||||&#8221; global_colors_info=&#8221;{}&#8221;][et_pb_row admin_label=&#8221;row&#8221; _builder_version=&#8221;4.16&#8243; background_size=&#8221;initial&#8221; background_position=&#8221;top_left&#8221; background_repeat=&#8221;repeat&#8221; global_colors_info=&#8221;{}&#8221;][et_pb_column type=&#8221;4_4&#8243; _builder_version=&#8221;4.16&#8243; custom_padding=&#8221;|||&#8221; global_colors_info=&#8221;{}&#8221; custom_padding__hover=&#8221;|||&#8221;][et_pb_text admin_label=&#8221;Texto&#8221; _builder_version=&#8221;4.17.4&#8243; text_text_color=&#8221;#000000&#8243; text_font_size=&#8221;16px&#8221; header_text_color=&#8221;#000000&#8243; background_size=&#8221;initial&#8221; background_position=&#8221;top_left&#8221; background_repeat=&#8221;repeat&#8221; text_orientation=&#8221;justified&#8221; use_border_color=&#8221;off&#8221; border_color=&#8221;#ffffff&#8221; border_style=&#8221;solid&#8221; global_colors_info=&#8221;{}&#8221;]<\/p>\n<p><span style=\"color: #000000;\">The objectives of the I3E Engineering Research Institute of Elche are set out below.<\/span><\/p>\n<h1 class=\"page-title\"><span style=\"color: #000000;\"><strong>GENERAL OBJECTIVE<\/strong><\/span><\/h1>\n<p><span style=\"color: #000000;\">The general objective in the constitution of the I3E Engineering Research Centre (now Institute) is to set up a university centre tasked with promoting, coordinating, training, and carrying out scientific and technical actions of a research and technology transfer nature in the field of industrial and telecommunication technologies.<\/span><\/p>\n<p>&nbsp;<\/p>\n<h1><span style=\"color: #000000;\"><strong>SPECIFIC OBJECTIVES<\/strong><\/span><\/h1>\n<p>&nbsp;<\/p>\n<p><span style=\"color: #000000;\">The integration in a Centre (now Institute) of the main researchers working in different research groups in the fields of industrial engineering and telecommunications would entail several benefits, both for the member groups and for the UMH. The most important of these would be the following:<\/span><\/p>\n<p>&nbsp;<\/p>\n<ul>\n<li><span style=\"color: #000000;\">To foster synergies between multidisciplinary research groups, by reinforcing interaction between groups with related lines of work.\u00a0<\/span><\/li>\n<li><span style=\"color: #000000;\">To make it possible to submit proposals to public calls for proposals (infrastructures, large teams, conference funding, etc.) with a greater chance of success than small groups on their own, as well as the possibility of submitting proposals for more ambitious projects at regional, national and international level (especially at European level).<\/span><\/li>\n<li><span style=\"color: #000000;\">To enable the optimisation of space, as well as research and management resources for research.<\/span><\/li>\n<li><span style=\"color: #000000;\">To increase technology transfer from the UMH to industry by improving the supply of R&amp;D in the field of engineering.<\/span><\/li>\n<li><span style=\"color: #000000;\">To promote the creation of new technology-based companies.<\/span><\/li>\n<li><span style=\"color: #000000;\">To increase the visibility and social impact of the technological offer and research activities carried out at the Centre (now Institute).<\/span><\/li>\n<li><span style=\"color: #000000;\">To promote the research training of doctoral students and other staff in training by facilitating the carrying out of research work in a centre\/institute with the aforementioned advantages.<\/span><\/li>\n<li><span style=\"color: #000000;\">To promote specialised training courses.<\/span><\/li>\n<\/ul>\n<p>[\/et_pb_text][\/et_pb_column][\/et_pb_row][\/et_pb_section]<\/p>\n","protected":false},"excerpt":{"rendered":"<p>The objectives of the I3E Engineering Research Institute of Elche are set out below. GENERAL OBJECTIVE The general objective in the constitution of the I3E Engineering Research Centre (now Institute) is to set up a university centre tasked with promoting, coordinating, training, and carrying out scientific and technical actions of a research and technology transfer [&hellip;]<\/p>\n","protected":false},"author":3158,"featured_media":0,"parent":4378,"menu_order":10,"comment_status":"closed","ping_status":"closed","template":"","meta":{"_et_pb_use_builder":"on","_et_pb_old_content":"[et_pb_section fb_built=\"1\" admin_label=\"section\" _builder_version=\"4.16\" global_colors_info=\"{}\"][et_pb_row admin_label=\"row\" _builder_version=\"4.16\" background_size=\"initial\" background_position=\"top_left\" background_repeat=\"repeat\" global_colors_info=\"{}\"][et_pb_column type=\"4_4\" _builder_version=\"4.16\" custom_padding=\"|||\" global_colors_info=\"{}\" custom_padding__hover=\"|||\"][et_pb_text admin_label=\"Texto\" _builder_version=\"4.17.4\" text_text_color=\"#000000\" text_font_size=\"16px\" header_text_color=\"#000000\" background_size=\"initial\" background_position=\"top_left\" background_repeat=\"repeat\" text_orientation=\"justified\" hover_enabled=\"0\" use_border_color=\"off\" border_color=\"#ffffff\" border_style=\"solid\" global_colors_info=\"{}\" sticky_enabled=\"0\"]<span style=\"color: #000000\">Se exponen a continuaci\u00f3n los objetivos del Instituto de Investigaci\u00f3n en Ingenier\u00eda de Elche <strong>I3E<\/strong><\/span>.\r\n\r\n\u00a0\r\n\r\n\r\n<span style=\"color: #000000\"><\/span>\r\n<h1 class=\"page-title\"><span style=\"color: #000000\"><strong>OBJETIVO GENERAL\r\n<\/strong><\/span><\/h1>\r\n<span style=\"color: #000000\"><\/span>\r\n\r\n<span style=\"color: #000000\">El objetivo general en la constituci\u00f3n del Centro (ahora Instituto) de Investigaci\u00f3n en Ingenier\u00eda de Elche <strong>I3E<\/strong> consiste en articular un centro universitario con el cometido de promover, coordinar, formar y llevar a cabo actuaciones cient\u00edfico t\u00e9cnicas de car\u00e1cter investigador y de transferencia de tecnolog\u00eda en el \u00e1mbito de las tecnolog\u00edas industriales y de telecomunicaci\u00f3n. De esta forma el Centro (ahora Instituto) se concibe como una entidad que a\u00fane a investigadores de ramas tem\u00e1ticas afines de forma tal que se establezcan colaboraciones entre ellos posibilitando sus actuaciones con un enfoque interdisciplinar que permita atender de una forma m\u00e1s efectiva que hasta el momento, las actividades de investigaci\u00f3n relacionadas con las ramas anteriormente indicadas.<\/span>\r\n\r\n<span style=\"color: #000000\"><\/span>\r\n\r\n<span style=\"color: #000000\"><\/span>\r\n<h1><span style=\"color: #000000\"><strong>OBJETIVOS ESPEC\u00cdFICOS<\/strong><\/span><\/h1>\r\n<span style=\"color: #000000\"><\/span>\r\n\r\n<span style=\"color: #000000\">La integraci\u00f3n en un Centro (ahora Instituto) de los principales investigadores que desarrollan su actividad en diferentes grupos de investigaci\u00f3n en los \u00e1mbitos de ingenier\u00eda industrial y de telecomunicaci\u00f3n conllevar\u00eda diversos beneficios, tanto para los grupos integrantes como para la UMH. Los m\u00e1s importantes ser\u00edan los siguientes:<\/span>\r\n\r\n<span style=\"color: #000000\"><\/span>\r\n<ul>\r\n\t<li><span style=\"color: #000000\">Fomentar sinergias entre grupos de investigaci\u00f3n multidisciplinares, al reforzarse la interacci\u00f3n entre grupos con l\u00edneas de trabajo relacionadas.<\/span><\/li>\r\n\t<li><span style=\"color: #000000\">Posibilitar la presentaci\u00f3n de propuestas a convocatorias p\u00fablicas (infraestructuras, grandes equipos, financiaci\u00f3n de congresos...) con probabilidades de \u00e9xito mayores que las de grupos peque\u00f1os por separado, as\u00ed como posibilidad de presentar propuestas de proyectos m\u00e1s ambiciosos tanto a nivel regional, como a nivel nacional e internacional (especialmente en el \u00e1mbito europeo).<\/span><\/li>\r\n\t<li><span style=\"color: #000000\">Posibilitar la optimizaci\u00f3n de espacios, as\u00ed como de los recursos de investigaci\u00f3n y de gesti\u00f3n para la investigaci\u00f3n.<\/span><\/li>\r\n\t<li><span style=\"color: #000000\">Incrementar la transferencia tecnol\u00f3gica de la UMH a la industria al mejorar la oferta de I+D en el \u00e1mbito de la ingenier\u00eda<\/span><\/li>\r\n\t<li><span style=\"color: #000000\">Impulsar la creaci\u00f3n de nuevas empresas de base tecnol\u00f3gica.<\/span><\/li>\r\n\t<li><span style=\"color: #000000\">Aumentar la visibilidad y repercusi\u00f3n social de la oferta tecnol\u00f3gica y actividades de investigaci\u00f3n realizadas en el Centro (ahora Instituto).<\/span><\/li>\r\n\t<li><span style=\"color: #000000\">Potenciar la formaci\u00f3n investigadora de los doctorandos y dem\u00e1s personal en formaci\u00f3n facilitando la realizaci\u00f3n de trabajos de investigaci\u00f3n en un centro\/instituto con las ventajas anteriormente indicadas.<\/span><\/li>\r\n\t<li><span style=\"color: #000000\">Promover la realizaci\u00f3n de cursos de formaci\u00f3n especializada.<\/span><\/li>\r\n<\/ul>\r\n<ol><\/ol>[\/et_pb_text][\/et_pb_column][\/et_pb_row][\/et_pb_section]","_et_gb_content_width":"","_links_to":"","_links_to_target":""},"_links":{"self":[{"href":"https:\/\/i3e.umh.es\/en\/wp-json\/wp\/v2\/pages\/4786"}],"collection":[{"href":"https:\/\/i3e.umh.es\/en\/wp-json\/wp\/v2\/pages"}],"about":[{"href":"https:\/\/i3e.umh.es\/en\/wp-json\/wp\/v2\/types\/page"}],"author":[{"embeddable":true,"href":"https:\/\/i3e.umh.es\/en\/wp-json\/wp\/v2\/users\/3158"}],"replies":[{"embeddable":true,"href":"https:\/\/i3e.umh.es\/en\/wp-json\/wp\/v2\/comments?post=4786"}],"version-history":[{"count":0,"href":"https:\/\/i3e.umh.es\/en\/wp-json\/wp\/v2\/pages\/4786\/revisions"}],"up":[{"embeddable":true,"href":"https:\/\/i3e.umh.es\/en\/wp-json\/wp\/v2\/pages\/4378"}],"wp:attachment":[{"href":"https:\/\/i3e.umh.es\/en\/wp-json\/wp\/v2\/media?parent=4786"}],"curies":[{"name":"wp","href":"https:\/\/api.w.org\/{rel}","templated":true}]}}