{"id":4706,"date":"2023-12-21T12:43:22","date_gmt":"2023-12-21T12:43:22","guid":{"rendered":"https:\/\/i3e.umh.es\/?page_id=4706"},"modified":"2023-12-21T12:43:28","modified_gmt":"2023-12-21T12:43:28","slug":"research","status":"publish","type":"page","link":"https:\/\/i3e.umh.es\/en\/research\/","title":{"rendered":"Research"},"content":{"rendered":"<p>[et_pb_section fb_built=&#8221;1&#8243; custom_padding_last_edited=&#8221;off|&#8221; disabled_on=&#8221;on|on|on&#8221; admin_label=&#8221;Secci\u00f3n&#8221; _builder_version=&#8221;4.17.4&#8243; background_color=&#8221;#000000&#8243; background_image=&#8221;https:\/\/i3e.umh.es\/files\/2019\/03\/banner_i3e2.jpg&#8221; width=&#8221;100%&#8221; max_width=&#8221;100%&#8221; height=&#8221;430px&#8221; custom_padding=&#8221;100px||100px||false|false&#8221; custom_padding_tablet=&#8221;50px|0|50px|0&#8243; transparent_background=&#8221;off&#8221; make_fullwidth=&#8221;off&#8221; use_custom_width=&#8221;off&#8221; width_unit=&#8221;on&#8221; disabled=&#8221;on&#8221; global_colors_info=&#8221;{}&#8221;][et_pb_row _builder_version=&#8221;4.17.4&#8243; _module_preset=&#8221;default&#8221; global_colors_info=&#8221;{}&#8221;][et_pb_column type=&#8221;4_4&#8243; _builder_version=&#8221;4.17.4&#8243; _module_preset=&#8221;default&#8221; global_colors_info=&#8221;{}&#8221;][et_pb_divider show_divider=&#8221;off&#8221; _builder_version=&#8221;4.17.4&#8243; _module_preset=&#8221;default&#8221; global_colors_info=&#8221;{}&#8221;][\/et_pb_divider][\/et_pb_column][\/et_pb_row][et_pb_row padding_mobile=&#8221;off&#8221; column_padding_mobile=&#8221;on&#8221; admin_label=&#8221;Fila&#8221; _builder_version=&#8221;4.16&#8243; background_size=&#8221;initial&#8221; background_position=&#8221;top_left&#8221; background_repeat=&#8221;repeat&#8221; make_fullwidth=&#8221;off&#8221; use_custom_width=&#8221;off&#8221; width_unit=&#8221;on&#8221; global_colors_info=&#8221;{}&#8221;][et_pb_column type=&#8221;4_4&#8243; _builder_version=&#8221;4.16&#8243; custom_padding=&#8221;|||&#8221; global_colors_info=&#8221;{}&#8221; custom_padding__hover=&#8221;|||&#8221;][et_pb_text admin_label=&#8221;NombreCentro&#8221; _builder_version=&#8221;4.17.4&#8243; text_line_height=&#8221;1.2em&#8221; background_size=&#8221;initial&#8221; background_position=&#8221;top_left&#8221; background_repeat=&#8221;repeat&#8221; text_orientation=&#8221;center&#8221; background_layout=&#8221;dark&#8221; module_alignment=&#8221;center&#8221; use_border_color=&#8221;off&#8221; border_color=&#8221;#ffffff&#8221; border_style=&#8221;solid&#8221; global_colors_info=&#8221;{}&#8221;]<\/p>\n<h3 style=\"text-align: center\"><strong>INSTITUTO DE INVESTIGACI\u00d3N EN INGENIER\u00cdA DE ELCHE &#8211; I3E<\/strong><\/h3>\n<p>[\/et_pb_text][et_pb_image src=&#8221;https:\/\/i3e.umh.es\/files\/2022\/09\/logo_instituto_I3E_letras_bl_fondo_transparente.png&#8221; alt=&#8221;logo_instituto_I3E_letras_bl_fondo_transparente&#8221; title_text=&#8221;logo_instituto_I3E_letras_bl_fondo_transparente&#8221; align=&#8221;center&#8221; align_tablet=&#8221;center&#8221; align_phone=&#8221;&#8221; align_last_edited=&#8221;on|desktop&#8221; admin_label=&#8221;LogoCentro&#8221; _builder_version=&#8221;4.17.4&#8243; min_height=&#8221;100px&#8221; height=&#8221;100px&#8221; animation_style=&#8221;fade&#8221; animation_direction=&#8221;left&#8221; animation_duration=&#8221;700ms&#8221; use_border_color=&#8221;off&#8221; border_color=&#8221;#ffffff&#8221; border_style=&#8221;solid&#8221; animation=&#8221;left&#8221; sticky=&#8221;off&#8221; always_center_on_mobile=&#8221;on&#8221; global_colors_info=&#8221;{}&#8221;][\/et_pb_image][\/et_pb_column][\/et_pb_row][\/et_pb_section][et_pb_section fb_built=&#8221;1&#8243; admin_label=&#8221;section&#8221; _builder_version=&#8221;4.16&#8243; min_height=&#8221;316.8px&#8221; custom_padding=&#8221;||24px|||&#8221; global_colors_info=&#8221;{}&#8221;][et_pb_row admin_label=&#8221;row&#8221; _builder_version=&#8221;4.16&#8243; background_size=&#8221;initial&#8221; background_position=&#8221;top_left&#8221; background_repeat=&#8221;repeat&#8221; min_height=&#8221;211.8px&#8221; custom_margin=&#8221;|auto|-824px|auto||&#8221; global_colors_info=&#8221;{}&#8221;][et_pb_column type=&#8221;4_4&#8243; _builder_version=&#8221;4.16&#8243; custom_padding=&#8221;|||&#8221; global_colors_info=&#8221;{}&#8221; custom_padding__hover=&#8221;|||&#8221;][et_pb_text admin_label=&#8221;Texto&#8221; _builder_version=&#8221;4.17.4&#8243; text_text_color=&#8221;#000000&#8243; text_font_size=&#8221;16px&#8221; background_size=&#8221;initial&#8221; background_position=&#8221;top_left&#8221; background_repeat=&#8221;repeat&#8221; text_orientation=&#8221;justified&#8221; hover_enabled=&#8221;0&#8243; use_border_color=&#8221;off&#8221; border_color=&#8221;#ffffff&#8221; border_style=&#8221;solid&#8221; global_colors_info=&#8221;{}&#8221; sticky_enabled=&#8221;0&#8243;]<\/p>\n<p><span style=\"font-weight: 400;\">Research activities are broken down by the different structures of the institute. The following links provide information relating to:<\/span><\/p>\n<ul>\n<li style=\"font-weight: 400;\" aria-level=\"1\"><a href=\"https:\/\/i3e.umh.es\/investigacion\/unidades-investigacion\/\"><span style=\"font-weight: 400;\">RESEARCH UNITS of the I3E Institute\u00a0<\/span><\/a><\/li>\n<li style=\"font-weight: 400;\" aria-level=\"1\"><span style=\"font-weight: 400;\">RESEARCH GROUPS of the <\/span><b>I3E<\/b><span style=\"font-weight: 400;\"> Institute\u00a0<\/span><\/li>\n<li style=\"font-weight: 400;\" aria-level=\"1\"><a href=\"https:\/\/i3e.umh.es\/investigacion\/publicaciones\/\"><span style=\"font-weight: 400;\">PUBLICATIONS of the I3E Institute<\/span><\/a><\/li>\n<li style=\"font-weight: 400;\" aria-level=\"1\"><a href=\"https:\/\/i3e.umh.es\/investigacion\/memoria-investigacion\/\"><span style=\"font-weight: 400;\">RESEARCH REPORTS of the I3E Institute<\/span><\/a><\/li>\n<\/ul>\n<p>[\/et_pb_text][\/et_pb_column][\/et_pb_row][\/et_pb_section]<\/p>\n","protected":false},"excerpt":{"rendered":"<p>INSTITUTO DE INVESTIGACI\u00d3N EN INGENIER\u00cdA DE ELCHE &#8211; I3EResearch activities are broken down by the different structures of the institute. The following links provide information relating to: RESEARCH UNITS of the I3E Institute\u00a0 RESEARCH GROUPS of the I3E Institute\u00a0 PUBLICATIONS of the I3E Institute RESEARCH REPORTS of the I3E Institute<\/p>\n","protected":false},"author":3158,"featured_media":0,"parent":0,"menu_order":10,"comment_status":"closed","ping_status":"closed","template":"","meta":{"_et_pb_use_builder":"on","_et_pb_old_content":"[et_pb_section fb_built=\"1\" custom_padding_last_edited=\"off|\" disabled_on=\"on|on|on\" admin_label=\"Secci\u00f3n\" _builder_version=\"4.17.4\" background_color=\"#000000\" background_image=\"https:\/\/i3e.umh.es\/files\/2019\/03\/banner_i3e2.jpg\" width=\"100%\" max_width=\"100%\" height=\"430px\" custom_padding=\"100px||100px||false|false\" custom_padding_tablet=\"50px|0|50px|0\" transparent_background=\"off\" make_fullwidth=\"off\" use_custom_width=\"off\" width_unit=\"on\" disabled=\"on\" global_colors_info=\"{}\"][et_pb_row _builder_version=\"4.17.4\" _module_preset=\"default\" global_colors_info=\"{}\"][et_pb_column type=\"4_4\" _builder_version=\"4.17.4\" _module_preset=\"default\" global_colors_info=\"{}\"][et_pb_divider show_divider=\"off\" _builder_version=\"4.17.4\" _module_preset=\"default\" global_colors_info=\"{}\"][\/et_pb_divider][\/et_pb_column][\/et_pb_row][et_pb_row padding_mobile=\"off\" column_padding_mobile=\"on\" admin_label=\"Fila\" _builder_version=\"4.16\" background_size=\"initial\" background_position=\"top_left\" background_repeat=\"repeat\" make_fullwidth=\"off\" use_custom_width=\"off\" width_unit=\"on\" global_colors_info=\"{}\"][et_pb_column type=\"4_4\" _builder_version=\"4.16\" custom_padding=\"|||\" global_colors_info=\"{}\" custom_padding__hover=\"|||\"][et_pb_text admin_label=\"NombreCentro\" _builder_version=\"4.17.4\" text_line_height=\"1.2em\" background_size=\"initial\" background_position=\"top_left\" background_repeat=\"repeat\" text_orientation=\"center\" background_layout=\"dark\" module_alignment=\"center\" use_border_color=\"off\" border_color=\"#ffffff\" border_style=\"solid\" global_colors_info=\"{}\"]<h3 style=\"text-align: center\"><strong>INSTITUTO DE INVESTIGACI\u00d3N EN INGENIER\u00cdA DE ELCHE - I3E<\/strong><\/h3>[\/et_pb_text][et_pb_image src=\"https:\/\/i3e.umh.es\/files\/2022\/09\/logo_instituto_I3E_letras_bl_fondo_transparente.png\" alt=\"logo_instituto_I3E_letras_bl_fondo_transparente\" title_text=\"logo_instituto_I3E_letras_bl_fondo_transparente\" align=\"center\" align_tablet=\"center\" align_phone=\"\" align_last_edited=\"on|desktop\" admin_label=\"LogoCentro\" _builder_version=\"4.17.4\" min_height=\"100px\" height=\"100px\" animation_style=\"fade\" animation_direction=\"left\" animation_duration=\"700ms\" use_border_color=\"off\" border_color=\"#ffffff\" border_style=\"solid\" animation=\"left\" sticky=\"off\" always_center_on_mobile=\"on\" global_colors_info=\"{}\"][\/et_pb_image][\/et_pb_column][\/et_pb_row][\/et_pb_section][et_pb_section fb_built=\"1\" admin_label=\"section\" _builder_version=\"4.16\" min_height=\"316.8px\" custom_padding=\"||24px|||\" global_colors_info=\"{}\"][et_pb_row admin_label=\"row\" _builder_version=\"4.16\" background_size=\"initial\" background_position=\"top_left\" background_repeat=\"repeat\" min_height=\"211.8px\" custom_margin=\"|auto|-824px|auto||\" global_colors_info=\"{}\"][et_pb_column type=\"4_4\" _builder_version=\"4.16\" custom_padding=\"|||\" global_colors_info=\"{}\" custom_padding__hover=\"|||\"][et_pb_text admin_label=\"Texto\" _builder_version=\"4.17.4\" text_text_color=\"#000000\" text_font_size=\"16px\" background_size=\"initial\" background_position=\"top_left\" background_repeat=\"repeat\" text_orientation=\"justified\" use_border_color=\"off\" border_color=\"#ffffff\" border_style=\"solid\" global_colors_info=\"{}\"]<p>Las actividades de investigaci\u00f3n se desglosan a trav\u00e9s de las diferentes estructuras del mismo. En los siguientes enlaces se puede encontrar la informaci\u00f3n relativa a:<\/p>\r\n<ol>\r\n<li><a title=\"Unidades de Investigaci\u00f3n\" href=\"https:\/\/i3e.umh.es\/investigacion\/unidades-investigacion\/\">UNIDADES DE INVESTIGACI\u00d3N del Instituto <strong>I3E<\/strong><\/a><\/li>\r\n<li>GRUPOS DE INVESTIGACI\u00d3N del Instituto <strong>I3E<\/strong><\/li>\r\n<li><a title=\"Publicaciones\" href=\"https:\/\/i3e.umh.es\/investigacion\/publicaciones\/\">PUBLICACIONES del Instituto <strong>I3E<\/strong><\/a><\/li>\r\n<li><a title=\"Memorias Investigaci\u00f3n\" href=\"https:\/\/i3e.umh.es\/investigacion\/memoria-investigacion\/\" target=\"_blank\" rel=\"noopener\">MEMORIAS DE INVESTIGACI\u00d3N del Instituto <strong>I3E<\/strong><\/a><\/li>\r\n<\/ol>[\/et_pb_text][\/et_pb_column][\/et_pb_row][\/et_pb_section]","_et_gb_content_width":"","_links_to":"","_links_to_target":""},"_links":{"self":[{"href":"https:\/\/i3e.umh.es\/en\/wp-json\/wp\/v2\/pages\/4706"}],"collection":[{"href":"https:\/\/i3e.umh.es\/en\/wp-json\/wp\/v2\/pages"}],"about":[{"href":"https:\/\/i3e.umh.es\/en\/wp-json\/wp\/v2\/types\/page"}],"author":[{"embeddable":true,"href":"https:\/\/i3e.umh.es\/en\/wp-json\/wp\/v2\/users\/3158"}],"replies":[{"embeddable":true,"href":"https:\/\/i3e.umh.es\/en\/wp-json\/wp\/v2\/comments?post=4706"}],"version-history":[{"count":0,"href":"https:\/\/i3e.umh.es\/en\/wp-json\/wp\/v2\/pages\/4706\/revisions"}],"wp:attachment":[{"href":"https:\/\/i3e.umh.es\/en\/wp-json\/wp\/v2\/media?parent=4706"}],"curies":[{"name":"wp","href":"https:\/\/api.w.org\/{rel}","templated":true}]}}