{"id":4655,"date":"2023-12-21T11:38:18","date_gmt":"2023-12-21T11:38:18","guid":{"rendered":"https:\/\/i3e.umh.es\/?page_id=4655"},"modified":"2024-01-27T19:40:22","modified_gmt":"2024-01-27T19:40:22","slug":"organisation","status":"publish","type":"page","link":"https:\/\/i3e.umh.es\/en\/home\/organisation\/","title":{"rendered":"Organisation"},"content":{"rendered":"<p>[et_pb_section fb_built=&#8221;1&#8243; custom_padding_last_edited=&#8221;off|&#8221; disabled_on=&#8221;on|on|on&#8221; admin_label=&#8221;Secci\u00f3n&#8221; _builder_version=&#8221;4.17.4&#8243; background_color=&#8221;#000000&#8243; background_image=&#8221;https:\/\/i3e.umh.es\/files\/2019\/03\/banner_i3e2.jpg&#8221; width=&#8221;100%&#8221; max_width=&#8221;100%&#8221; height=&#8221;430px&#8221; custom_padding=&#8221;100px||100px||false|false&#8221; custom_padding_tablet=&#8221;50px|0|50px|0&#8243; transparent_background=&#8221;off&#8221; make_fullwidth=&#8221;off&#8221; use_custom_width=&#8221;off&#8221; width_unit=&#8221;on&#8221; disabled=&#8221;on&#8221; global_colors_info=&#8221;{}&#8221;][et_pb_row _builder_version=&#8221;4.17.4&#8243; _module_preset=&#8221;default&#8221; global_colors_info=&#8221;{}&#8221;][et_pb_column type=&#8221;4_4&#8243; _builder_version=&#8221;4.17.4&#8243; _module_preset=&#8221;default&#8221; global_colors_info=&#8221;{}&#8221;][et_pb_divider show_divider=&#8221;off&#8221; _builder_version=&#8221;4.17.4&#8243; _module_preset=&#8221;default&#8221; global_colors_info=&#8221;{}&#8221;][\/et_pb_divider][\/et_pb_column][\/et_pb_row][et_pb_row padding_mobile=&#8221;off&#8221; column_padding_mobile=&#8221;on&#8221; admin_label=&#8221;Fila&#8221; _builder_version=&#8221;4.16&#8243; background_size=&#8221;initial&#8221; background_position=&#8221;top_left&#8221; background_repeat=&#8221;repeat&#8221; make_fullwidth=&#8221;off&#8221; use_custom_width=&#8221;off&#8221; width_unit=&#8221;on&#8221; global_colors_info=&#8221;{}&#8221;][et_pb_column type=&#8221;4_4&#8243; _builder_version=&#8221;4.16&#8243; custom_padding=&#8221;|||&#8221; global_colors_info=&#8221;{}&#8221; custom_padding__hover=&#8221;|||&#8221;][et_pb_text admin_label=&#8221;NombreCentro&#8221; _builder_version=&#8221;4.17.4&#8243; text_line_height=&#8221;1.2em&#8221; background_size=&#8221;initial&#8221; background_position=&#8221;top_left&#8221; background_repeat=&#8221;repeat&#8221; text_orientation=&#8221;center&#8221; background_layout=&#8221;dark&#8221; module_alignment=&#8221;center&#8221; use_border_color=&#8221;off&#8221; border_color=&#8221;#ffffff&#8221; border_style=&#8221;solid&#8221; global_colors_info=&#8221;{}&#8221;]<\/p>\n<h3 style=\"text-align: center\"><strong>INSTITUTO DE INVESTIGACI\u00d3N EN INGENIER\u00cdA DE ELCHE &#8211; I3E<\/strong><\/h3>\n<p>[\/et_pb_text][et_pb_image src=&#8221;https:\/\/i3e.umh.es\/files\/2022\/09\/logo_instituto_I3E_letras_bl_fondo_transparente.png&#8221; alt=&#8221;logo_instituto_I3E_letras_bl_fondo_transparente&#8221; title_text=&#8221;logo_instituto_I3E_letras_bl_fondo_transparente&#8221; align=&#8221;center&#8221; align_tablet=&#8221;center&#8221; align_phone=&#8221;&#8221; align_last_edited=&#8221;on|desktop&#8221; admin_label=&#8221;LogoCentro&#8221; _builder_version=&#8221;4.17.4&#8243; min_height=&#8221;100px&#8221; height=&#8221;100px&#8221; animation_style=&#8221;fade&#8221; animation_direction=&#8221;left&#8221; animation_duration=&#8221;700ms&#8221; use_border_color=&#8221;off&#8221; border_color=&#8221;#ffffff&#8221; border_style=&#8221;solid&#8221; animation=&#8221;left&#8221; sticky=&#8221;off&#8221; always_center_on_mobile=&#8221;on&#8221; global_colors_info=&#8221;{}&#8221;][\/et_pb_image][\/et_pb_column][\/et_pb_row][\/et_pb_section][et_pb_section fb_built=&#8221;1&#8243; admin_label=&#8221;section&#8221; _builder_version=&#8221;4.16&#8243; global_colors_info=&#8221;{}&#8221;][et_pb_row column_structure=&#8221;1_2,1_2&#8243; admin_label=&#8221;row&#8221; _builder_version=&#8221;4.16&#8243; background_size=&#8221;initial&#8221; background_position=&#8221;top_left&#8221; background_repeat=&#8221;repeat&#8221; global_colors_info=&#8221;{}&#8221;][et_pb_column type=&#8221;1_2&#8243; _builder_version=&#8221;4.16&#8243; custom_padding=&#8221;|||&#8221; global_colors_info=&#8221;{}&#8221; custom_padding__hover=&#8221;|||&#8221;][et_pb_text admin_label=&#8221;Texto&#8221; _builder_version=&#8221;4.17.4&#8243; text_text_color=&#8221;#000000&#8243; text_font_size=&#8221;16px&#8221; background_size=&#8221;initial&#8221; background_position=&#8221;top_left&#8221; background_repeat=&#8221;repeat&#8221; use_border_color=&#8221;off&#8221; border_color=&#8221;#ffffff&#8221; border_style=&#8221;solid&#8221; global_colors_info=&#8221;{}&#8221;]<\/p>\n<p><b>Director of the Institute<\/b><span style=\"font-weight: 400;\">:\u00a0<\/span> \u00d3scar Reinoso Garc\u00eda<br \/><b>Deputy Director of the Institute<\/b><span style=\"font-weight: 400;\">:<\/span> \u00c1ngela Mar\u00eda Coves Soler<br \/><b>Secretary to the Institute<\/b><span style=\"font-weight: 400;\">:\u00a0<\/span> Sergio Valero Verd\u00fa<br \/><b>Innovation Agent for the Institute<\/b><span style=\"font-weight: 400;\">:\u00a0<\/span> Clara G\u00f3mez Jerez<\/p>\n<p><b><\/b><\/p>\n<p><b>Commisions:<\/b><br \/><b>1. Unit Coordinators:<\/b><\/p>\n<ul>\n<li><span style=\"font-weight: 400;\">Automation and Electronics Unit: consult<\/span><\/li>\n<li>Communication Unit: Carlos Rodr\u00edguez Fern\u00e1ndez-Pousa<\/li>\n<li>Energy and Mechanics Unit: Carolina Senabre Blanes<\/li>\n<\/ul>\n<p><b>2. Website commission:<\/b><\/p>\n<ul>\n<li>Automation and Electronics Unit: Luis Miguel Jim\u00e9nez Garc\u00eda<\/li>\n<li>Communication Unit: Germ\u00e1n Torregrosa Penalva<\/li>\n<li>Energy and Mechanics Unit: Nuria Campillo Dav\u00f3<\/li>\n<\/ul>\n<p><strong>3. <\/strong><b>Commission for the drafting of the Regulations:<\/b><\/p>\n<ul>\n<li><span style=\"font-weight: 400;\">Automation and Electronics Unit: <\/span>Juan Carlos Ferrer Mill\u00e1n<\/li>\n<li>Communication Unit: Juan Capmany Francoy<\/li>\n<li>Energy and Mechanics Unit: Emilio Velasco S\u00e1nchez<\/li>\n<\/ul>\n<p><strong>4. <\/strong><b>Commission for the generation of documentation:<\/b><\/p>\n<ul>\n<li><span style=\"font-weight: 400;\">Automation and Electronics Unit: consult<\/span><\/li>\n<li>Communication Unit: Carlos Rodr\u00edguez Fern\u00e1ndez-Pousa<\/li>\n<li>Energy and Mechanics Unit: Manuel Lucas Miralles<\/li>\n<\/ul>\n<ul><\/ul>\n<p>[\/et_pb_text][\/et_pb_column][et_pb_column type=&#8221;1_2&#8243; _builder_version=&#8221;4.17.4&#8243; _module_preset=&#8221;default&#8221; global_colors_info=&#8221;{}&#8221;][\/et_pb_column][\/et_pb_row][\/et_pb_section]<\/p>\n","protected":false},"excerpt":{"rendered":"<p>INSTITUTO DE INVESTIGACI\u00d3N EN INGENIER\u00cdA DE ELCHE &#8211; I3EDirector of the Institute:\u00a0 \u00d3scar Reinoso Garc\u00edaDeputy Director of the Institute: \u00c1ngela Mar\u00eda Coves SolerSecretary to the Institute:\u00a0 Sergio Valero Verd\u00faInnovation Agent for the Institute:\u00a0 Clara G\u00f3mez Jerez Commisions:1. Unit Coordinators: Automation and Electronics Unit: consult Communication Unit: Carlos Rodr\u00edguez Fern\u00e1ndez-Pousa Energy and Mechanics Unit: Carolina Senabre [&hellip;]<\/p>\n","protected":false},"author":3158,"featured_media":0,"parent":4378,"menu_order":20,"comment_status":"closed","ping_status":"closed","template":"","meta":{"_et_pb_use_builder":"on","_et_pb_old_content":"[et_pb_section fb_built=\"1\" custom_padding_last_edited=\"off|\" disabled_on=\"on|on|on\" admin_label=\"Secci\u00f3n\" _builder_version=\"4.17.4\" background_color=\"#000000\" background_image=\"https:\/\/i3e.umh.es\/files\/2019\/03\/banner_i3e2.jpg\" width=\"100%\" max_width=\"100%\" height=\"430px\" custom_padding=\"100px||100px||false|false\" custom_padding_tablet=\"50px|0|50px|0\" transparent_background=\"off\" make_fullwidth=\"off\" use_custom_width=\"off\" width_unit=\"on\" disabled=\"on\" global_colors_info=\"{}\"][et_pb_row _builder_version=\"4.17.4\" _module_preset=\"default\" global_colors_info=\"{}\"][et_pb_column type=\"4_4\" _builder_version=\"4.17.4\" _module_preset=\"default\" global_colors_info=\"{}\"][et_pb_divider show_divider=\"off\" _builder_version=\"4.17.4\" _module_preset=\"default\" global_colors_info=\"{}\"][\/et_pb_divider][\/et_pb_column][\/et_pb_row][et_pb_row padding_mobile=\"off\" column_padding_mobile=\"on\" admin_label=\"Fila\" _builder_version=\"4.16\" background_size=\"initial\" background_position=\"top_left\" background_repeat=\"repeat\" make_fullwidth=\"off\" use_custom_width=\"off\" width_unit=\"on\" global_colors_info=\"{}\"][et_pb_column type=\"4_4\" _builder_version=\"4.16\" custom_padding=\"|||\" global_colors_info=\"{}\" custom_padding__hover=\"|||\"][et_pb_text admin_label=\"NombreCentro\" _builder_version=\"4.17.4\" text_line_height=\"1.2em\" background_size=\"initial\" background_position=\"top_left\" background_repeat=\"repeat\" text_orientation=\"center\" background_layout=\"dark\" module_alignment=\"center\" use_border_color=\"off\" border_color=\"#ffffff\" border_style=\"solid\" global_colors_info=\"{}\"]<h3 style=\"text-align: center\"><strong>INSTITUTO DE INVESTIGACI\u00d3N EN INGENIER\u00cdA DE ELCHE - I3E<\/strong><\/h3>[\/et_pb_text][et_pb_image src=\"https:\/\/i3e.umh.es\/files\/2022\/09\/logo_instituto_I3E_letras_bl_fondo_transparente.png\" alt=\"logo_instituto_I3E_letras_bl_fondo_transparente\" title_text=\"logo_instituto_I3E_letras_bl_fondo_transparente\" align=\"center\" align_tablet=\"center\" align_phone=\"\" align_last_edited=\"on|desktop\" admin_label=\"LogoCentro\" _builder_version=\"4.17.4\" min_height=\"100px\" height=\"100px\" animation_style=\"fade\" animation_direction=\"left\" animation_duration=\"700ms\" use_border_color=\"off\" border_color=\"#ffffff\" border_style=\"solid\" animation=\"left\" sticky=\"off\" always_center_on_mobile=\"on\" global_colors_info=\"{}\"][\/et_pb_image][\/et_pb_column][\/et_pb_row][\/et_pb_section][et_pb_section fb_built=\"1\" admin_label=\"section\" _builder_version=\"4.16\" global_colors_info=\"{}\"][et_pb_row column_structure=\"1_2,1_2\" admin_label=\"row\" _builder_version=\"4.16\" background_size=\"initial\" background_position=\"top_left\" background_repeat=\"repeat\" global_colors_info=\"{}\"][et_pb_column type=\"1_2\" _builder_version=\"4.16\" custom_padding=\"|||\" global_colors_info=\"{}\" custom_padding__hover=\"|||\"][et_pb_text admin_label=\"Texto\" _builder_version=\"4.17.4\" text_text_color=\"#000000\" text_font_size=\"16px\" background_size=\"initial\" background_position=\"top_left\" background_repeat=\"repeat\" hover_enabled=\"0\" use_border_color=\"off\" border_color=\"#ffffff\" border_style=\"solid\" global_colors_info=\"{}\" sticky_enabled=\"0\"]<p><b>Director del Instituto<\/b>:\u00a0\u00a0\u00d3scar Reinoso Garc\u00eda<br \/><b>Subdirector del Instituto<\/b>:\u00a0\u00c1ngela Mar\u00eda Coves Soler<br \/><b>Secretario del Instituto<\/b>:\u00a0\u00a0Sergio Valero Verd\u00fa<br \/><b>Agente de Innovaci\u00f3n del Instituto<\/b>:\u00a0Clara G\u00f3mez Jerez<\/p>\r\n<p><b>Comisiones:<\/b><br \/><b>1. Coordinadores de unidad:<\/b><\/p>\r\n<ul>\r\n<li>Unidad de Automatizaci\u00f3n y Electr\u00f3nica: consultar<\/li>\r\n<li>Unidad de Comunicaci\u00f3n: Carlos Rodr\u00edguez Fern\u00e1ndez-Pousa<\/li>\r\n<li>Unidad de Energ\u00eda y Mec\u00e1nica: Carolina Senabre Blanes<\/li>\r\n<\/ul>\r\n<p><b>2. Comisi\u00f3n del sitio web:<\/b><\/p>\r\n<ul>\r\n<li>Unidad de Automatizaci\u00f3n y Electr\u00f3nica: Luis Miguel Jim\u00e9nez Garc\u00eda<\/li>\r\n<li>Unidad de Comunicaci\u00f3n: Germ\u00e1n Torregrosa Penalva<\/li>\r\n<li>Unidad de Energ\u00eda y Mec\u00e1nica: Nuria Campillo Dav\u00f3<\/li>\r\n<\/ul>\r\n<p><strong>3.\u00a0<b>Comisi\u00f3n para la elaboraci\u00f3n del Reglamento:<\/b><\/strong><\/p>\r\n<ul>\r\n<li>Unidad de Automatizaci\u00f3n y Electr\u00f3nica:\u00a0 Juan Carlos Ferrer Mill\u00e1n<\/li>\r\n<li>Unidad de Comunicaci\u00f3n: Juan Capmany Francoy<\/li>\r\n<li>Unidad de Energ\u00eda y Mec\u00e1nica: Emilio Velasco S\u00e1nchez<\/li>\r\n<\/ul>\r\n<p><strong>4. Comisi\u00f3n para la generaci\u00f3n de documentaci\u00f3n:<\/strong><\/p>\r\n<ul>\r\n<li>Unidad de Automatizaci\u00f3n y Electr\u00f3nica: consultar<\/li>\r\n<li>Unidad de Comunicaci\u00f3n: Carlos Rodr\u00edguez Fern\u00e1ndez-Pousa<\/li>\r\n<li>Unidad de Energ\u00eda y Mec\u00e1nica: Manuel Lucas Miralles<\/li>\r\n<\/ul>[\/et_pb_text][\/et_pb_column][et_pb_column type=\"1_2\" _builder_version=\"4.17.4\" _module_preset=\"default\" global_colors_info=\"{}\"][\/et_pb_column][\/et_pb_row][\/et_pb_section]","_et_gb_content_width":"","_links_to":"","_links_to_target":""},"_links":{"self":[{"href":"https:\/\/i3e.umh.es\/en\/wp-json\/wp\/v2\/pages\/4655"}],"collection":[{"href":"https:\/\/i3e.umh.es\/en\/wp-json\/wp\/v2\/pages"}],"about":[{"href":"https:\/\/i3e.umh.es\/en\/wp-json\/wp\/v2\/types\/page"}],"author":[{"embeddable":true,"href":"https:\/\/i3e.umh.es\/en\/wp-json\/wp\/v2\/users\/3158"}],"replies":[{"embeddable":true,"href":"https:\/\/i3e.umh.es\/en\/wp-json\/wp\/v2\/comments?post=4655"}],"version-history":[{"count":0,"href":"https:\/\/i3e.umh.es\/en\/wp-json\/wp\/v2\/pages\/4655\/revisions"}],"up":[{"embeddable":true,"href":"https:\/\/i3e.umh.es\/en\/wp-json\/wp\/v2\/pages\/4378"}],"wp:attachment":[{"href":"https:\/\/i3e.umh.es\/en\/wp-json\/wp\/v2\/media?parent=4655"}],"curies":[{"name":"wp","href":"https:\/\/api.w.org\/{rel}","templated":true}]}}