{"id":4598,"date":"2019-03-21T15:25:33","date_gmt":"2019-03-21T15:25:33","guid":{"rendered":"https:\/\/i3e.umh.es\/doctorandos\/"},"modified":"2024-01-08T09:23:25","modified_gmt":"2024-01-08T09:23:25","slug":"doctorates","status":"publish","type":"page","link":"https:\/\/i3e.umh.es\/en\/doctorates\/","title":{"rendered":"Doctorates"},"content":{"rendered":"<p>[et_pb_section fb_built=&#8221;1&#8243; custom_padding_last_edited=&#8221;off|&#8221; disabled_on=&#8221;on|on|on&#8221; admin_label=&#8221;Secci\u00f3n&#8221; _builder_version=&#8221;4.17.4&#8243; background_color=&#8221;#000000&#8243; background_image=&#8221;https:\/\/i3e.umh.es\/files\/2019\/03\/banner_i3e2.jpg&#8221; width=&#8221;100%&#8221; max_width=&#8221;100%&#8221; height=&#8221;430px&#8221; custom_padding=&#8221;100px||100px||false|false&#8221; custom_padding_tablet=&#8221;50px|0|50px|0&#8243; transparent_background=&#8221;off&#8221; make_fullwidth=&#8221;off&#8221; use_custom_width=&#8221;off&#8221; width_unit=&#8221;on&#8221; disabled=&#8221;on&#8221; global_colors_info=&#8221;{}&#8221;][et_pb_row _builder_version=&#8221;4.17.4&#8243; _module_preset=&#8221;default&#8221; global_colors_info=&#8221;{}&#8221;][et_pb_column type=&#8221;4_4&#8243; _builder_version=&#8221;4.17.4&#8243; _module_preset=&#8221;default&#8221; global_colors_info=&#8221;{}&#8221;][et_pb_divider show_divider=&#8221;off&#8221; _builder_version=&#8221;4.17.4&#8243; _module_preset=&#8221;default&#8221; global_colors_info=&#8221;{}&#8221;][\/et_pb_divider][\/et_pb_column][\/et_pb_row][et_pb_row padding_mobile=&#8221;off&#8221; column_padding_mobile=&#8221;on&#8221; admin_label=&#8221;Fila&#8221; _builder_version=&#8221;4.16&#8243; background_size=&#8221;initial&#8221; background_position=&#8221;top_left&#8221; background_repeat=&#8221;repeat&#8221; make_fullwidth=&#8221;off&#8221; use_custom_width=&#8221;off&#8221; width_unit=&#8221;on&#8221; global_colors_info=&#8221;{}&#8221;][et_pb_column type=&#8221;4_4&#8243; _builder_version=&#8221;4.16&#8243; custom_padding=&#8221;|||&#8221; global_colors_info=&#8221;{}&#8221; custom_padding__hover=&#8221;|||&#8221;][et_pb_text admin_label=&#8221;NombreCentro&#8221; _builder_version=&#8221;4.17.4&#8243; text_line_height=&#8221;1.2em&#8221; background_size=&#8221;initial&#8221; background_position=&#8221;top_left&#8221; background_repeat=&#8221;repeat&#8221; text_orientation=&#8221;center&#8221; background_layout=&#8221;dark&#8221; module_alignment=&#8221;center&#8221; use_border_color=&#8221;off&#8221; border_color=&#8221;#ffffff&#8221; border_style=&#8221;solid&#8221; global_colors_info=&#8221;{}&#8221;]<\/p>\n<h3 style=\"text-align: center;\"><strong>INSTITUTO DE INVESTIGACI\u00d3N EN INGENIER\u00cdA DE ELCHE &#8211; I3E<\/strong><\/h3>\n<p>[\/et_pb_text][et_pb_image src=&#8221;https:\/\/i3e.umh.es\/files\/2022\/09\/logo_instituto_I3E_letras_bl_fondo_transparente.png&#8221; alt=&#8221;logo_instituto_I3E_letras_bl_fondo_transparente&#8221; title_text=&#8221;logo_instituto_I3E_letras_bl_fondo_transparente&#8221; align=&#8221;center&#8221; align_tablet=&#8221;center&#8221; align_phone=&#8221;&#8221; align_last_edited=&#8221;on|desktop&#8221; admin_label=&#8221;LogoCentro&#8221; _builder_version=&#8221;4.17.4&#8243; min_height=&#8221;100px&#8221; height=&#8221;100px&#8221; animation_style=&#8221;fade&#8221; animation_direction=&#8221;left&#8221; animation_duration=&#8221;700ms&#8221; use_border_color=&#8221;off&#8221; border_color=&#8221;#ffffff&#8221; border_style=&#8221;solid&#8221; animation=&#8221;left&#8221; sticky=&#8221;off&#8221; always_center_on_mobile=&#8221;on&#8221; global_colors_info=&#8221;{}&#8221;][\/et_pb_image][\/et_pb_column][\/et_pb_row][\/et_pb_section][et_pb_section fb_built=&#8221;1&#8243; admin_label=&#8221;section&#8221; _builder_version=&#8221;4.17.4&#8243; custom_margin=&#8221;||||false|false&#8221; global_colors_info=&#8221;{}&#8221;][et_pb_row admin_label=&#8221;row&#8221; _builder_version=&#8221;4.16&#8243; background_size=&#8221;initial&#8221; background_position=&#8221;top_left&#8221; background_repeat=&#8221;repeat&#8221; global_colors_info=&#8221;{}&#8221;][et_pb_column type=&#8221;4_4&#8243; _builder_version=&#8221;4.16&#8243; custom_padding=&#8221;|||&#8221; global_colors_info=&#8221;{}&#8221; custom_padding__hover=&#8221;|||&#8221;][et_pb_text admin_label=&#8221;Text&#8221; _builder_version=&#8221;4.17.4&#8243; text_text_color=&#8221;#000000&#8243; text_font_size=&#8221;16px&#8221; background_size=&#8221;initial&#8221; background_position=&#8221;top_left&#8221; background_repeat=&#8221;repeat&#8221; text_orientation=&#8221;justified&#8221; hover_enabled=&#8221;0&#8243; global_colors_info=&#8221;{}&#8221; sticky_enabled=&#8221;0&#8243;]<\/p>\n<p><span style=\"font-weight: 400;\">Below is a list of current doctoral students at the I3E \u2013 UMH:<\/span><\/p>\n<p>&nbsp;<\/p>\n<table style=\"border: hidden; height: 336px; width: 494px;\">\n<tbody>\n<tr style=\"border: hidden;\">\n<td style=\"width: 120px; height: 48px;\">Andr\u00e9s Berenguer Alonso<\/td>\n<td style=\"width: 170px; height: 48px;\">Unidad\u00a0 <span style=\"color: #305496;\">Comunicaciones<\/span><\/td>\n<td style=\"width: 204px; height: 48px;\">A\u00f1o de inicio 2016<\/td>\n<\/tr>\n<tr>\n<td style=\"width: 120px;\" height=\"35\">Laura Ferrero Montes<\/td>\n<td style=\"width: 170px; height: 48px;\">Unidad\u00a0 <span style=\"color: #305496;\">Automatizaci\u00f3n y Electr\u00f3nica<\/span><\/td>\n<td style=\"width: 204px; height: 48px;\">A\u00f1o de inicio 2019<\/td>\n<\/tr>\n<tr style=\"border: hidden;\">\n<td style=\"width: 120px; height: 48px;\">Vicente Quiles Zamora<\/td>\n<td style=\"width: 170px; height: 48px;\">Unidad\u00a0 <span style=\"color: #305496;\">Automatizaci\u00f3n y Electr\u00f3nica<\/span><\/td>\n<td style=\"width: 204px; height: 48px;\">A\u00f1o de inicio 2019<\/td>\n<\/tr>\n<tr style=\"border: hidden;\">\n<td style=\"width: 120px; height: 48px;\">Antonio Navarro Herrero<\/td>\n<td style=\"width: 170px; height: 48px;\">Unidad\u00a0 <span style=\"color: #305496;\">Automatizaci\u00f3n y Electr\u00f3nica<\/span><\/td>\n<td style=\"width: 204px; height: 48px;\">A\u00f1o de inicio 2021<\/td>\n<\/tr>\n<tr style=\"border: hidden;\">\n<td style=\"width: 120px; height: 48px;\">Antonio Santo L\u00f3pez<\/td>\n<td style=\"width: 170px; height: 24px;\">Unidad\u00a0 <span style=\"color: #305496;\">Automatizaci\u00f3n y Electr\u00f3nica<\/span><\/td>\n<td style=\"width: 204px; height: 24px;\">A\u00f1o de inicio 2022<\/td>\n<\/tr>\n<tr style=\"border: hidden;\">\n<td style=\"width: 120px; height: 48px;\">Cristina Polo Hortiguela<\/td>\n<td style=\"width: 170px; height: 24px;\">Unidad\u00a0 <span style=\"color: #305496;\">Automatizaci\u00f3n y Electr\u00f3nica<\/span><\/td>\n<td style=\"width: 204px; height: 24px;\">A\u00f1o de inicio 2022<\/td>\n<\/tr>\n<tr style=\"border: hidden;\">\n<td style=\"width: 120px; height: 48px;\">Desiree Irene Gracia Laso<\/td>\n<td style=\"width: 170px; height: 24px;\">Unidad\u00a0 <span style=\"color: #305496;\">Automatizaci\u00f3n y Electr\u00f3nica<\/span><\/td>\n<td style=\"width: 204px; height: 48px;\">A\u00f1o de inicio 2022<\/td>\n<\/tr>\n<tr style=\"border: hidden;\">\n<td style=\"width: 120px; height: 48px;\">Enrique Heredia Aguado<\/td>\n<td style=\"width: 170px; height: 24px;\">Unidad\u00a0 <span style=\"color: #305496;\">Automatizaci\u00f3n y Electr\u00f3nica<\/span><\/td>\n<td style=\"width: 204px; height: 24px;\">A\u00f1o de inicio 2022<\/td>\n<\/tr>\n<tr style=\"border: hidden;\">\n<td style=\"width: 120px; height: 48px;\">Javier Vicente Juan Poveda<\/td>\n<td style=\"width: 170px; height: 24px;\">Unidad\u00a0 <span style=\"color: #305496;\">Automatizaci\u00f3n y Electr\u00f3nica<\/span><\/td>\n<td style=\"width: 204px; height: 24px;\">A\u00f1o de inicio 2022<\/td>\n<\/tr>\n<tr style=\"border: hidden;\">\n<td style=\"width: 120px; height: 48px;\">Juan Jos\u00e9 Cabrera Mora<\/td>\n<td style=\"width: 170px; height: 24px;\">Unidad\u00a0 <span style=\"color: #305496;\">Automatizaci\u00f3n y Electr\u00f3nica<\/span><\/td>\n<td style=\"width: 204px; height: 24px;\">A\u00f1o de inicio 2022<\/td>\n<\/tr>\n<tr style=\"border: hidden;\">\n<td style=\"width: 120px;\">Paula Soriano Segura<\/td>\n<td style=\"width: 170px;\">Unidad\u00a0 <span style=\"color: #305496;\">Automatizaci\u00f3n y Electr\u00f3nica<\/span><\/td>\n<td style=\"width: 204px;\">A\u00f1o de inicio 2022<\/td>\n<\/tr>\n<tr style=\"border: hidden;\">\n<td style=\"width: 120px;\">Ra\u00fal Garc\u00eda Jim\u00e9nez<\/td>\n<td style=\"width: 170px;\">Unidad\u00a0 <span style=\"color: #305496;\">Automatizaci\u00f3n y Electr\u00f3nica<\/span><\/td>\n<td style=\"width: 204px;\">A\u00f1o de inicio 2022<\/td>\n<\/tr>\n<\/tbody>\n<\/table>\n<div><\/div>\n<div>\n<div dir=\"ltr\" data-smartmail=\"gmail_signature\">\n<div dir=\"ltr\">\n<div>\n<div>\n<div dir=\"ltr\">\n<div dir=\"ltr\">\n<div dir=\"ltr\">\n<div>\n<div><\/div>\n<\/div>\n<\/div>\n<\/div>\n<\/div>\n<\/div>\n<\/div>\n<\/div>\n<\/div>\n<\/div>\n<p>[\/et_pb_text][et_pb_text disabled_on=&#8221;on|on|on&#8221; admin_label=&#8221;Text&#8221; _builder_version=&#8221;4.17.4&#8243; text_text_color=&#8221;#000000&#8243; text_font_size=&#8221;16px&#8221; background_size=&#8221;initial&#8221; background_position=&#8221;top_left&#8221; background_repeat=&#8221;repeat&#8221; text_orientation=&#8221;justified&#8221; disabled=&#8221;on&#8221; global_colors_info=&#8221;{}&#8221;]<\/p>\n<p>Se muestra a continuaci\u00f3n el listado de doctorandos actuales del I3E &#8211; UMH:<\/p>\n<p>&nbsp;<\/p>\n<p>Alfredo Candela Esclapez (<a href=\"mailto:acandelaesclapez@gmail.com\">acandelaesclapez@gmail.com<\/a>) &#8211; Grupo Aplicaci\u00f3n de t\u00e9cnicas avanzadas a la Ingenier\u00eda El\u00e9ctrica y Autom\u00e1tica<\/p>\n<p>Mar\u00eda Flores Tenza (<a href=\"mailto:m.flores@umh.es\">m.flores@goumh.umh.es<\/a>) &#8211; Grupo Automatizaci\u00f3n, Rob\u00f3tica y Visi\u00f3n por Computador<\/p>\n<p>Vicente Rom\u00e1n Erades (<a href=\"mailto:vicente.roman@goumh.umh.es\">vicente.roman@goumh.umh.es<\/a>) &#8211; Grupo Automatizaci\u00f3n, Rob\u00f3tica y Visi\u00f3n por Computador<\/p>\n<p>Laura Ferrero Montes (<a href=\"mailto:lferrero@umh.es\">lferrero@umh.es<\/a>) &#8211; Grupo Brain Machine Interface System Lab<\/p>\n<p>Vicente Quiles Zamora (<a href=\"mailto:vquiles@umh.es\">vquiles@umh.es<\/a>) &#8211; Grupo Brain Machine Interface System Lab<\/p>\n<p>Javier Vicente Juan Poveda (<a href=\"mailto:javier.juanp@umh.es\">javier.juanp@umh.es<\/a>) &#8211; Grupo Brain Machine Interface System Lab<\/p>\n<p>Miguel Fabra Rodr\u00edguez (<a href=\"mailto:mfabra@umh.es\">mfabra@umh.es<\/a>) &#8211; Grupo Ingenier\u00eda Mec\u00e1nica Aplicada<\/p>\n<p>Mar\u00eda Pilar Aldeguer S\u00e1nchez (<a href=\"mailto:pilar4elche@gmail.com\">pilar4elche@gmail.com<\/a>) &#8211; Grupo Ingenier\u00eda Mec\u00e1nica Aplicada<\/p>\n<p>Luis Jorge Herrera Fern\u00e1ndez (<a href=\"mailto:luis.herrera@goumh.umh.es\">luis.herrera@goumh.umh.es<\/a>) &#8211; Grupo Ingenier\u00eda Mec\u00e1nica Aplicada<\/p>\n<p>Juan Clement Bellido (<a href=\"mailto:jclement@umh.es\">jclement@umh.es<\/a>)<\/p>\n<p>H\u00e9ctor Garc\u00eda Mart\u00ednez (<a href=\"mailto:mhector@umh.es\">mhector@umh.es<\/a>)<\/p>\n<p>Jorge Javier Mendoza Montoya (<a href=\"mailto:javier.mmo@gmail.com\">javier.mmo@gmail.com<\/a>)<\/p>\n<p>Jos\u00e9 Mar\u00eda Vicente Samper\u00a0(<a href=\"mailto:jose.vicentes@umh.es\">jose.vicentes@umh.es<\/a>)<\/p>\n<p>Andr\u00e9s Berenguer Alonso (<a href=\"mailto:aberenguer@umh.es\">aberenguer@umh.es<\/a>)<\/p>\n<p>Jesus Mena, (<a href=\"mailto:jmena@umh.es\">jmena@umh.es<\/a>)<\/p>\n<p>Rafael Molina-Masegosa, (<a href=\"mailto:rafael.molinam@umh.es\">rafael.molinam@umh.es<\/a>)<\/p>\n<p>Gokulnath Thandavarayan, (<a href=\"mailto:gthandavarayan@umh.es\">gthandavarayan@umh.es<\/a>)<\/p>\n<p>Alejandro Molina Gal\u00e1n, (<a href=\"mailto:alejandro.molina01@goumh.umh.es\">alejandro.molina01@goumh.umh.es<\/a>)<\/p>\n<p>Daniel Sempere Garcia, (<a href=\"mailto:dsempere@umh.es\">dsempere@umh.es<\/a>)<\/p>\n<p>David Marroqu\u00ed Sempere (<a href=\"mailto:dmarroqui@umh.es\">dmarroqui@umh.es<\/a>)<\/p>\n<p>Javier Rubiato Brotons (<a href=\"mailto:jrubiato@umh.es\">jrubiato@umh.es<\/a>)<\/p>\n<p>Higinio Alav\u00e9s Ma\u00f1ogil (<a href=\"mailto:halaves@umh.es\u00e7\">halaves@umh.es<\/a>)<\/p>\n<p>Francisco Garc\u00eda de Quir\u00f3s Nieto (<a href=\"mailto:fgarciani@umh.es\">fgarciani@umh.es<\/a>)<\/p>\n<p>Fernando Rodriguez Mas (<a href=\"mailto:fernando.rodriguezm@umh.es\">fernando.rodriguezm@umh.es<\/a>)<\/p>\n<p>Alfredo Vel\u00e1zquez Mar\u00edn (<a href=\"mailto:alfredo.velazquez@murciaeduca.es\">alfredo.velazquez@murciaeduca.es<\/a>)<\/p>\n<p>Andr\u00e9s Soto Barrionuevo (<a href=\"mailto:andres.sotob@coiirm.es\">andres.sotob@coiirm.es<\/a>)<\/p>\n<p>[\/et_pb_text][\/et_pb_column][\/et_pb_row][\/et_pb_section]<\/p>\n","protected":false},"excerpt":{"rendered":"<p>INSTITUTO DE INVESTIGACI\u00d3N EN INGENIER\u00cdA DE ELCHE &#8211; I3E Below is a list of current doctoral students at the I3E \u2013 UMH: &nbsp; Andr\u00e9s Berenguer Alonso Unidad\u00a0 Comunicaciones A\u00f1o de inicio 2016 Laura Ferrero Montes Unidad\u00a0 Automatizaci\u00f3n y Electr\u00f3nica A\u00f1o de inicio 2019 Vicente Quiles Zamora Unidad\u00a0 Automatizaci\u00f3n y Electr\u00f3nica A\u00f1o de inicio 2019 Antonio [&hellip;]<\/p>\n","protected":false},"author":185,"featured_media":0,"parent":0,"menu_order":3,"comment_status":"open","ping_status":"open","template":"","meta":{"_et_pb_use_builder":"on","_et_pb_old_content":"[et_pb_section fb_built=\"1\" custom_padding_last_edited=\"off|\" disabled_on=\"on|on|on\" admin_label=\"Secci\u00f3n\" _builder_version=\"4.17.4\" background_color=\"#000000\" background_image=\"https:\/\/i3e.umh.es\/files\/2019\/03\/banner_i3e2.jpg\" width=\"100%\" max_width=\"100%\" height=\"430px\" custom_padding=\"100px||100px||false|false\" custom_padding_tablet=\"50px|0|50px|0\" transparent_background=\"off\" make_fullwidth=\"off\" use_custom_width=\"off\" width_unit=\"on\" disabled=\"on\" global_colors_info=\"{}\"][et_pb_row _builder_version=\"4.17.4\" _module_preset=\"default\" global_colors_info=\"{}\"][et_pb_column type=\"4_4\" _builder_version=\"4.17.4\" _module_preset=\"default\" global_colors_info=\"{}\"][et_pb_divider show_divider=\"off\" _builder_version=\"4.17.4\" _module_preset=\"default\" global_colors_info=\"{}\"][\/et_pb_divider][\/et_pb_column][\/et_pb_row][et_pb_row padding_mobile=\"off\" column_padding_mobile=\"on\" admin_label=\"Fila\" _builder_version=\"4.16\" background_size=\"initial\" background_position=\"top_left\" background_repeat=\"repeat\" make_fullwidth=\"off\" use_custom_width=\"off\" width_unit=\"on\" global_colors_info=\"{}\"][et_pb_column type=\"4_4\" _builder_version=\"4.16\" custom_padding=\"|||\" global_colors_info=\"{}\" custom_padding__hover=\"|||\"][et_pb_text admin_label=\"NombreCentro\" _builder_version=\"4.17.4\" text_line_height=\"1.2em\" background_size=\"initial\" background_position=\"top_left\" background_repeat=\"repeat\" text_orientation=\"center\" background_layout=\"dark\" module_alignment=\"center\" use_border_color=\"off\" border_color=\"#ffffff\" border_style=\"solid\" global_colors_info=\"{}\"]<h3 style=\"text-align: center\"><strong>INSTITUTO DE INVESTIGACI\u00d3N EN INGENIER\u00cdA DE ELCHE - I3E<\/strong><\/h3>[\/et_pb_text][et_pb_image src=\"https:\/\/i3e.umh.es\/files\/2022\/09\/logo_instituto_I3E_letras_bl_fondo_transparente.png\" alt=\"logo_instituto_I3E_letras_bl_fondo_transparente\" title_text=\"logo_instituto_I3E_letras_bl_fondo_transparente\" align=\"center\" align_tablet=\"center\" align_phone=\"\" align_last_edited=\"on|desktop\" admin_label=\"LogoCentro\" _builder_version=\"4.17.4\" min_height=\"100px\" height=\"100px\" animation_style=\"fade\" animation_direction=\"left\" animation_duration=\"700ms\" use_border_color=\"off\" border_color=\"#ffffff\" border_style=\"solid\" animation=\"left\" sticky=\"off\" always_center_on_mobile=\"on\" global_colors_info=\"{}\"][\/et_pb_image][\/et_pb_column][\/et_pb_row][\/et_pb_section][et_pb_section fb_built=\"1\" admin_label=\"section\" _builder_version=\"4.17.4\" custom_margin=\"||||false|false\" global_colors_info=\"{}\"][et_pb_row admin_label=\"row\" _builder_version=\"4.16\" background_size=\"initial\" background_position=\"top_left\" background_repeat=\"repeat\" global_colors_info=\"{}\"][et_pb_column type=\"4_4\" _builder_version=\"4.16\" custom_padding=\"|||\" global_colors_info=\"{}\" custom_padding__hover=\"|||\"][et_pb_text admin_label=\"Text\" _builder_version=\"4.17.4\" text_text_color=\"#000000\" text_font_size=\"16px\" background_size=\"initial\" background_position=\"top_left\" background_repeat=\"repeat\" text_orientation=\"justified\" hover_enabled=\"0\" global_colors_info=\"{}\" sticky_enabled=\"0\"]Se muestra a continuaci\u00f3n el listado de doctorandos actuales del I3E - UMH:\r\n\r\n\u00a0\r\n<table style=\"border: hidden; height: 336px; width: 494px;\">\r\n<tbody>\r\n<tr style=\"border: hidden;\">\r\n<td style=\"width: 120px; height: 48px;\">Andr\u00e9s Berenguer Alonso<\/td>\r\n<td style=\"width: 170px; height: 48px;\">Unidad\u00a0 <span style=\"color: #305496;\">Comunicaciones<\/span><\/td>\r\n<td style=\"width: 204px; height: 48px;\">A\u00f1o de inicio 2016<\/td>\r\n<\/tr>\r\n<tr height=\"35\">\r\n<td height=\"35\" style=\"width: 120px;\">Laura Ferrero Montes<\/td>\r\n<td style=\"width: 170px; height: 48px;\">Unidad\u00a0 <span style=\"color: #305496;\">Automatizaci\u00f3n y Electr\u00f3nica<\/span><\/td>\r\n<td style=\"width: 204px; height: 48px;\">A\u00f1o de inicio 2019<\/td>\r\n<\/tr>\r\n<tr style=\"border: hidden;\">\r\n<td style=\"width: 120px; height: 48px;\">Vicente Quiles Zamora<\/td>\r\n<td style=\"width: 170px; height: 48px;\">Unidad\u00a0 <span style=\"color: #305496;\">Automatizaci\u00f3n y Electr\u00f3nica<\/span><\/td>\r\n<td style=\"width: 204px; height: 48px;\">A\u00f1o de inicio 2019<\/td>\r\n<\/tr>\r\n<tr style=\"border: hidden;\">\r\n<td style=\"width: 120px; height: 48px;\">Antonio Navarro Herrero<\/td>\r\n<td style=\"width: 170px; height: 48px;\">Unidad\u00a0 <span style=\"color: #305496;\">Automatizaci\u00f3n y Electr\u00f3nica<\/span><\/td>\r\n<td style=\"width: 204px; height: 48px;\">A\u00f1o de inicio 2021<\/td>\r\n<\/tr>\r\n<tr style=\"border: hidden;\">\r\n<td style=\"width: 120px; height: 48px;\">Antonio Santo L\u00f3pez<\/td>\r\n<td style=\"width: 170px; height: 24px;\">Unidad\u00a0 <span style=\"color: #305496;\">Automatizaci\u00f3n y Electr\u00f3nica<\/span><\/td>\r\n<td style=\"width: 204px; height: 24px;\">A\u00f1o de inicio 2022<\/td>\r\n<\/tr>\r\n<tr style=\"border: hidden;\">\r\n<td style=\"width: 120px; height: 48px;\">Cristina Polo Hortiguela<\/td>\r\n<td style=\"width: 170px; height: 24px;\">Unidad\u00a0 <span style=\"color: #305496;\">Automatizaci\u00f3n y Electr\u00f3nica<\/span><\/td>\r\n<td style=\"width: 204px; height: 24px;\">A\u00f1o de inicio 2022<\/td>\r\n<\/tr>\r\n<tr style=\"border: hidden;\">\r\n<td style=\"width: 120px; height: 48px;\">Desiree Irene Gracia Laso<\/td>\r\n<td style=\"width: 170px; height: 24px;\">Unidad\u00a0 <span style=\"color: #305496;\">Automatizaci\u00f3n y Electr\u00f3nica<\/span><\/td>\r\n<td style=\"width: 204px; height: 48px;\">A\u00f1o de inicio 2022<\/td>\r\n<\/tr>\r\n<tr style=\"border: hidden;\">\r\n<td style=\"width: 120px; height: 48px;\">Enrique Heredia Aguado<\/td>\r\n<td style=\"width: 170px; height: 24px;\">Unidad\u00a0 <span style=\"color: #305496;\">Automatizaci\u00f3n y Electr\u00f3nica<\/span><\/td>\r\n<td style=\"width: 204px; height: 24px;\">A\u00f1o de inicio 2022<\/td>\r\n<\/tr>\r\n<tr style=\"border: hidden;\">\r\n<td style=\"width: 120px; height: 48px;\">Javier Vicente Juan Poveda<\/td>\r\n<td style=\"width: 170px; height: 24px;\">Unidad\u00a0 <span style=\"color: #305496;\">Automatizaci\u00f3n y Electr\u00f3nica<\/span><\/td>\r\n<td style=\"width: 204px; height: 24px;\">A\u00f1o de inicio 2022<\/td>\r\n<\/tr>\r\n<tr style=\"border: hidden;\">\r\n<td style=\"width: 120px; height: 48px;\">Juan Jos\u00e9 Cabrera Mora<\/td>\r\n<td style=\"width: 170px; height: 24px;\">Unidad\u00a0 <span style=\"color: #305496;\">Automatizaci\u00f3n y Electr\u00f3nica<\/span><\/td>\r\n<td style=\"width: 204px; height: 24px;\">A\u00f1o de inicio 2022<\/td>\r\n<\/tr>\r\n<tr style=\"border: hidden;\">\r\n<td style=\"width: 120px;\">Paula Soriano Segura<\/td>\r\n<td style=\"width: 170px;\">Unidad\u00a0 <span style=\"color: #305496;\">Automatizaci\u00f3n y Electr\u00f3nica<\/span><\/td>\r\n<td style=\"width: 204px;\">A\u00f1o de inicio 2022<\/td>\r\n<\/tr>\r\n<tr style=\"border: hidden;\"><td style=\"width: 120px;\">Ra\u00fal Garc\u00eda Jim\u00e9nez<\/td>\r\n<td style=\"width: 170px;\">Unidad\u00a0 <span style=\"color: #305496;\">Automatizaci\u00f3n y Electr\u00f3nica<\/span><\/td>\r\n<td style=\"width: 204px;\">A\u00f1o de inicio 2022<\/td>\r\n<\/tr>\r\n<\/tbody>\r\n<\/table>\r\n<div><\/div>\r\n<div>\r\n<div dir=\"ltr\" data-smartmail=\"gmail_signature\">\r\n<div dir=\"ltr\">\r\n<div>\r\n<div>\r\n<div dir=\"ltr\">\r\n<div dir=\"ltr\">\r\n<div dir=\"ltr\">\r\n<div>\r\n<div><\/div>\r\n<\/div>\r\n<\/div>\r\n<\/div>\r\n<\/div>\r\n<\/div>\r\n<\/div>\r\n<\/div>\r\n<\/div>\r\n<\/div>[\/et_pb_text][et_pb_text disabled_on=\"on|on|on\" admin_label=\"Text\" _builder_version=\"4.17.4\" text_text_color=\"#000000\" text_font_size=\"16px\" background_size=\"initial\" background_position=\"top_left\" background_repeat=\"repeat\" text_orientation=\"justified\" disabled=\"on\" global_colors_info=\"{}\"]<p>Se muestra a continuaci\u00f3n el listado de doctorandos actuales del I3E - UMH:<\/p>\r\n<p>\u00a0<\/p>\r\n<p>Alfredo Candela Esclapez (<a href=\"mailto:acandelaesclapez@gmail.com\">acandelaesclapez@gmail.com<\/a>) - Grupo Aplicaci\u00f3n de t\u00e9cnicas avanzadas a la Ingenier\u00eda El\u00e9ctrica y Autom\u00e1tica<\/p>\r\n<p>Mar\u00eda Flores Tenza (<a href=\"mailto:m.flores@umh.es\">m.flores@goumh.umh.es<\/a>) - Grupo Automatizaci\u00f3n, Rob\u00f3tica y Visi\u00f3n por Computador<\/p>\r\n<p>Vicente Rom\u00e1n Erades (<a href=\"mailto:vicente.roman@goumh.umh.es\">vicente.roman@goumh.umh.es<\/a>) - Grupo Automatizaci\u00f3n, Rob\u00f3tica y Visi\u00f3n por Computador<\/p>\r\n<p>Laura Ferrero Montes (<a href=\"mailto:lferrero@umh.es\">lferrero@umh.es<\/a>) - Grupo Brain Machine Interface System Lab<\/p>\r\n<p>Vicente Quiles Zamora (<a href=\"mailto:vquiles@umh.es\">vquiles@umh.es<\/a>) - Grupo Brain Machine Interface System Lab<\/p>\r\n<p>Javier Vicente Juan Poveda (<a href=\"mailto:javier.juanp@umh.es\">javier.juanp@umh.es<\/a>) - Grupo Brain Machine Interface System Lab<\/p>\r\n<p>Miguel Fabra Rodr\u00edguez (<a href=\"mailto:mfabra@umh.es\">mfabra@umh.es<\/a>) - Grupo Ingenier\u00eda Mec\u00e1nica Aplicada<\/p>\r\n<p>Mar\u00eda Pilar Aldeguer S\u00e1nchez (<a href=\"mailto:pilar4elche@gmail.com\">pilar4elche@gmail.com<\/a>) - Grupo Ingenier\u00eda Mec\u00e1nica Aplicada<\/p>\r\n<p>Luis Jorge Herrera Fern\u00e1ndez (<a href=\"mailto:luis.herrera@goumh.umh.es\">luis.herrera@goumh.umh.es<\/a>) - Grupo Ingenier\u00eda Mec\u00e1nica Aplicada<\/p>\r\n<p>Juan Clement Bellido (<a href=\"mailto:jclement@umh.es\">jclement@umh.es<\/a>)<\/p>\r\n<p>H\u00e9ctor Garc\u00eda Mart\u00ednez (<a href=\"mailto:mhector@umh.es\">mhector@umh.es<\/a>)<\/p>\r\n<p>Jorge Javier Mendoza Montoya (<a href=\"mailto:javier.mmo@gmail.com\">javier.mmo@gmail.com<\/a>)<\/p>\r\n<p>Jos\u00e9 Mar\u00eda Vicente Samper\u00a0(<a href=\"mailto:jose.vicentes@umh.es\">jose.vicentes@umh.es<\/a>)<\/p>\r\n<p>Andr\u00e9s Berenguer Alonso (<a href=\"mailto:aberenguer@umh.es\">aberenguer@umh.es<\/a>)<\/p>\r\n<p>Jesus Mena, (<a href=\"mailto:jmena@umh.es\">jmena@umh.es<\/a>)<\/p>\r\n<p>Rafael Molina-Masegosa, (<a href=\"mailto:rafael.molinam@umh.es\">rafael.molinam@umh.es<\/a>)<\/p>\r\n<p>Gokulnath Thandavarayan, (<a href=\"mailto:gthandavarayan@umh.es\">gthandavarayan@umh.es<\/a>)<\/p>\r\n<p>Alejandro Molina Gal\u00e1n, (<a href=\"mailto:alejandro.molina01@goumh.umh.es\">alejandro.molina01@goumh.umh.es<\/a>)<\/p>\r\n<p>Daniel Sempere Garcia, (<a href=\"mailto:dsempere@umh.es\">dsempere@umh.es<\/a>)<\/p>\r\n<p>David Marroqu\u00ed Sempere (<a href=\"mailto:dmarroqui@umh.es\">dmarroqui@umh.es<\/a>)<\/p>\r\n<p>Javier Rubiato Brotons (<a href=\"mailto:jrubiato@umh.es\">jrubiato@umh.es<\/a>)<\/p>\r\n<p>Higinio Alav\u00e9s Ma\u00f1ogil (<a href=\"mailto:halaves@umh.es\u00e7\">halaves@umh.es<\/a>)<\/p>\r\n<p>Francisco Garc\u00eda de Quir\u00f3s Nieto (<a href=\"mailto:fgarciani@umh.es\">fgarciani@umh.es<\/a>)<\/p>\r\n<p>Fernando Rodriguez Mas (<a href=\"mailto:fernando.rodriguezm@umh.es\">fernando.rodriguezm@umh.es<\/a>)<\/p>\r\n<p>Alfredo Vel\u00e1zquez Mar\u00edn (<a href=\"mailto:alfredo.velazquez@murciaeduca.es\">alfredo.velazquez@murciaeduca.es<\/a>)<\/p>\r\n<p>Andr\u00e9s Soto Barrionuevo (<a href=\"mailto:andres.sotob@coiirm.es\">andres.sotob@coiirm.es<\/a>)<\/p>[\/et_pb_text][\/et_pb_column][\/et_pb_row][\/et_pb_section]","_et_gb_content_width":"","_links_to":"","_links_to_target":""},"_links":{"self":[{"href":"https:\/\/i3e.umh.es\/en\/wp-json\/wp\/v2\/pages\/4598"}],"collection":[{"href":"https:\/\/i3e.umh.es\/en\/wp-json\/wp\/v2\/pages"}],"about":[{"href":"https:\/\/i3e.umh.es\/en\/wp-json\/wp\/v2\/types\/page"}],"author":[{"embeddable":true,"href":"https:\/\/i3e.umh.es\/en\/wp-json\/wp\/v2\/users\/185"}],"replies":[{"embeddable":true,"href":"https:\/\/i3e.umh.es\/en\/wp-json\/wp\/v2\/comments?post=4598"}],"version-history":[{"count":0,"href":"https:\/\/i3e.umh.es\/en\/wp-json\/wp\/v2\/pages\/4598\/revisions"}],"wp:attachment":[{"href":"https:\/\/i3e.umh.es\/en\/wp-json\/wp\/v2\/media?parent=4598"}],"curies":[{"name":"wp","href":"https:\/\/api.w.org\/{rel}","templated":true}]}}