{"id":4483,"date":"2018-07-25T12:21:10","date_gmt":"2018-07-25T12:21:10","guid":{"rendered":"https:\/\/i3e.umh.es\/doctorados\/"},"modified":"2023-12-21T21:57:00","modified_gmt":"2023-12-21T21:57:00","slug":"doctorados","status":"publish","type":"page","link":"https:\/\/i3e.umh.es\/en\/doctorados\/","title":{"rendered":"Doctorate"},"content":{"rendered":"<p>[et_pb_section fb_built=&#8221;1&#8243; custom_padding_last_edited=&#8221;off|&#8221; disabled_on=&#8221;on|on|on&#8221; admin_label=&#8221;Secci\u00f3n&#8221; _builder_version=&#8221;4.17.4&#8243; background_color=&#8221;#000000&#8243; background_image=&#8221;https:\/\/i3e.umh.es\/files\/2019\/03\/banner_i3e2.jpg&#8221; width=&#8221;100%&#8221; max_width=&#8221;100%&#8221; height=&#8221;430px&#8221; custom_padding=&#8221;100px||100px||false|false&#8221; custom_padding_tablet=&#8221;50px|0|50px|0&#8243; transparent_background=&#8221;off&#8221; make_fullwidth=&#8221;off&#8221; use_custom_width=&#8221;off&#8221; width_unit=&#8221;on&#8221; disabled=&#8221;on&#8221; global_colors_info=&#8221;{}&#8221;][et_pb_row _builder_version=&#8221;4.17.4&#8243; _module_preset=&#8221;default&#8221; global_colors_info=&#8221;{}&#8221;][et_pb_column type=&#8221;4_4&#8243; _builder_version=&#8221;4.17.4&#8243; _module_preset=&#8221;default&#8221; global_colors_info=&#8221;{}&#8221;][et_pb_divider show_divider=&#8221;off&#8221; _builder_version=&#8221;4.17.4&#8243; _module_preset=&#8221;default&#8221; global_colors_info=&#8221;{}&#8221;][\/et_pb_divider][\/et_pb_column][\/et_pb_row][et_pb_row padding_mobile=&#8221;off&#8221; column_padding_mobile=&#8221;on&#8221; admin_label=&#8221;Fila&#8221; _builder_version=&#8221;4.16&#8243; background_size=&#8221;initial&#8221; background_position=&#8221;top_left&#8221; background_repeat=&#8221;repeat&#8221; make_fullwidth=&#8221;off&#8221; use_custom_width=&#8221;off&#8221; width_unit=&#8221;on&#8221; global_colors_info=&#8221;{}&#8221;][et_pb_column type=&#8221;4_4&#8243; _builder_version=&#8221;4.16&#8243; custom_padding=&#8221;|||&#8221; global_colors_info=&#8221;{}&#8221; custom_padding__hover=&#8221;|||&#8221;][et_pb_text admin_label=&#8221;NombreCentro&#8221; _builder_version=&#8221;4.17.4&#8243; text_line_height=&#8221;1.2em&#8221; background_size=&#8221;initial&#8221; background_position=&#8221;top_left&#8221; background_repeat=&#8221;repeat&#8221; text_orientation=&#8221;center&#8221; background_layout=&#8221;dark&#8221; module_alignment=&#8221;center&#8221; use_border_color=&#8221;off&#8221; border_color=&#8221;#ffffff&#8221; border_style=&#8221;solid&#8221; global_colors_info=&#8221;{}&#8221;]<\/p>\n<h3 style=\"text-align: center\"><strong>INSTITUTO DE INVESTIGACI\u00d3N EN INGENIER\u00cdA DE ELCHE &#8211; I3E<\/strong><\/h3>\n<p>[\/et_pb_text][et_pb_image src=&#8221;https:\/\/i3e.umh.es\/files\/2022\/09\/logo_instituto_I3E_letras_bl_fondo_transparente.png&#8221; alt=&#8221;logo_instituto_I3E_letras_bl_fondo_transparente&#8221; title_text=&#8221;logo_instituto_I3E_letras_bl_fondo_transparente&#8221; align=&#8221;center&#8221; align_tablet=&#8221;center&#8221; align_phone=&#8221;&#8221; align_last_edited=&#8221;on|desktop&#8221; admin_label=&#8221;LogoCentro&#8221; _builder_version=&#8221;4.17.4&#8243; min_height=&#8221;100px&#8221; height=&#8221;100px&#8221; animation_style=&#8221;fade&#8221; animation_direction=&#8221;left&#8221; animation_duration=&#8221;700ms&#8221; use_border_color=&#8221;off&#8221; border_color=&#8221;#ffffff&#8221; border_style=&#8221;solid&#8221; animation=&#8221;left&#8221; sticky=&#8221;off&#8221; always_center_on_mobile=&#8221;on&#8221; global_colors_info=&#8221;{}&#8221;][\/et_pb_image][\/et_pb_column][\/et_pb_row][\/et_pb_section][et_pb_section fb_built=&#8221;1&#8243; admin_label=&#8221;section&#8221; _builder_version=&#8221;4.16&#8243; global_colors_info=&#8221;{}&#8221;][et_pb_row admin_label=&#8221;row&#8221; _builder_version=&#8221;4.16&#8243; background_size=&#8221;initial&#8221; background_position=&#8221;top_left&#8221; background_repeat=&#8221;repeat&#8221; global_colors_info=&#8221;{}&#8221;][et_pb_column type=&#8221;4_4&#8243; _builder_version=&#8221;4.16&#8243; custom_padding=&#8221;|||&#8221; global_colors_info=&#8221;{}&#8221; custom_padding__hover=&#8221;|||&#8221;][et_pb_text admin_label=&#8221;Texto&#8221; _builder_version=&#8221;4.17.4&#8243; text_text_color=&#8221;#000000&#8243; text_font_size=&#8221;16px&#8221; background_size=&#8221;initial&#8221; background_position=&#8221;top_left&#8221; background_repeat=&#8221;repeat&#8221; text_orientation=&#8221;justified&#8221; hover_enabled=&#8221;0&#8243; use_border_color=&#8221;off&#8221; border_color=&#8221;#ffffff&#8221; border_style=&#8221;solid&#8221; global_colors_info=&#8221;{}&#8221; sticky_enabled=&#8221;0&#8243;]<\/p>\n<p><span style=\"font-weight: 400;\">The different members of the <\/span><b>I3E<\/b><span style=\"font-weight: 400;\"> Research Institute are mostly involved in the Industrial and Telecommunication PhD programmes.<\/span><\/p>\n<p><span style=\"font-weight: 400;\">The Doctoral Programme in Industrial and Telecommunication Technologies &#8211; TECNIT \u2013 aims to train scientists and researchers in the technological fields specific to Industrial Engineering and Telecommunication Engineering. It is a Doctoral Programme already adapted to the current new regulations of Royal Decree 99\/2011 and is a continuation of a previous programme in the same field. It brings together researchers from the Higher Polytechnic School of Elche \u2013 EPSE, which belongs to Miguel Hern\u00e1ndez University \u2013 UMH. It is based on the proven academic track record of its teaching staff, the economic and social relevance of the research lines it offers, the synergies and complementarities that exist between the participating research teams, and the numerous and fruitful collaborations with other universities, research centres and companies in the sector, both national and international, as well as with the Professional Associations of Industrial Engineers and Telecommunication Engineers.<\/span><\/p>\n<p>[\/et_pb_text][\/et_pb_column][\/et_pb_row][et_pb_row column_structure=&#8221;1_4,1_2,1_4&#8243; admin_label=&#8221;Fila&#8221; _builder_version=&#8221;4.16&#8243; background_size=&#8221;initial&#8221; background_position=&#8221;top_left&#8221; background_repeat=&#8221;repeat&#8221; global_colors_info=&#8221;{}&#8221;][et_pb_column type=&#8221;1_4&#8243; _builder_version=&#8221;4.16&#8243; custom_padding=&#8221;|||&#8221; global_colors_info=&#8221;{}&#8221; custom_padding__hover=&#8221;|||&#8221;][\/et_pb_column][et_pb_column type=&#8221;1_2&#8243; _builder_version=&#8221;4.16&#8243; custom_padding=&#8221;|||&#8221; global_colors_info=&#8221;{}&#8221; custom_padding__hover=&#8221;|||&#8221;][et_pb_cta title=&#8221;TECNIT Doctoral Program&#8221; button_url=&#8221;http:\/\/tecnit.edu.umh.es\/&#8221; url_new_window=&#8221;on&#8221; button_text=&#8221; Go to the doctoral program&#8221; admin_label=&#8221;Llamada a la acci\u00f3n&#8221; _builder_version=&#8221;4.17.4&#8243; background_color=&#8221;#102c59&#8243; background_size=&#8221;initial&#8221; background_position=&#8221;top_left&#8221; background_repeat=&#8221;repeat&#8221; hover_enabled=&#8221;0&#8243; border_width_all=&#8221;0px&#8221; border_color_all=&#8221;#ffffff&#8221; border_style_all=&#8221;solid&#8221; use_border_color=&#8221;on&#8221; border_color=&#8221;#ffffff&#8221; border_style=&#8221;solid&#8221; button_letter_spacing_hover=&#8221;0&#8243; global_colors_info=&#8221;{}&#8221; button_text_size__hover_enabled=&#8221;off&#8221; button_one_text_size__hover_enabled=&#8221;off&#8221; button_two_text_size__hover_enabled=&#8221;off&#8221; button_text_color__hover_enabled=&#8221;off&#8221; button_one_text_color__hover_enabled=&#8221;off&#8221; button_two_text_color__hover_enabled=&#8221;off&#8221; button_border_width__hover_enabled=&#8221;off&#8221; button_one_border_width__hover_enabled=&#8221;off&#8221; button_two_border_width__hover_enabled=&#8221;off&#8221; button_border_color__hover_enabled=&#8221;off&#8221; button_one_border_color__hover_enabled=&#8221;off&#8221; button_two_border_color__hover_enabled=&#8221;off&#8221; button_border_radius__hover_enabled=&#8221;off&#8221; button_one_border_radius__hover_enabled=&#8221;off&#8221; button_two_border_radius__hover_enabled=&#8221;off&#8221; button_letter_spacing__hover_enabled=&#8221;on&#8221; button_letter_spacing__hover=&#8221;0&#8243; button_one_letter_spacing__hover_enabled=&#8221;off&#8221; button_two_letter_spacing__hover_enabled=&#8221;off&#8221; button_bg_color__hover_enabled=&#8221;off&#8221; button_one_bg_color__hover_enabled=&#8221;off&#8221; button_two_bg_color__hover_enabled=&#8221;off&#8221; sticky_enabled=&#8221;0&#8243;][\/et_pb_cta][\/et_pb_column][et_pb_column type=&#8221;1_4&#8243; _builder_version=&#8221;4.16&#8243; custom_padding=&#8221;|||&#8221; global_colors_info=&#8221;{}&#8221; custom_padding__hover=&#8221;|||&#8221;][\/et_pb_column][\/et_pb_row][\/et_pb_section]<\/p>\n","protected":false},"excerpt":{"rendered":"<p>INSTITUTO DE INVESTIGACI\u00d3N EN INGENIER\u00cdA DE ELCHE &#8211; I3EThe different members of the I3E Research Institute are mostly involved in the Industrial and Telecommunication PhD programmes. The Doctoral Programme in Industrial and Telecommunication Technologies &#8211; TECNIT \u2013 aims to train scientists and researchers in the technological fields specific to Industrial Engineering and Telecommunication Engineering. It [&hellip;]<\/p>\n","protected":false},"author":1,"featured_media":0,"parent":0,"menu_order":10,"comment_status":"closed","ping_status":"closed","template":"","meta":{"_et_pb_use_builder":"on","_et_pb_old_content":"[et_pb_section fb_built=\"1\" custom_padding_last_edited=\"off|\" disabled_on=\"on|on|on\" admin_label=\"Secci\u00f3n\" _builder_version=\"4.17.4\" background_color=\"#000000\" background_image=\"https:\/\/i3e.umh.es\/files\/2019\/03\/banner_i3e2.jpg\" width=\"100%\" max_width=\"100%\" height=\"430px\" custom_padding=\"100px||100px||false|false\" custom_padding_tablet=\"50px|0|50px|0\" transparent_background=\"off\" make_fullwidth=\"off\" use_custom_width=\"off\" width_unit=\"on\" disabled=\"on\" global_colors_info=\"{}\"][et_pb_row _builder_version=\"4.17.4\" _module_preset=\"default\" global_colors_info=\"{}\"][et_pb_column type=\"4_4\" _builder_version=\"4.17.4\" _module_preset=\"default\" global_colors_info=\"{}\"][et_pb_divider show_divider=\"off\" _builder_version=\"4.17.4\" _module_preset=\"default\" global_colors_info=\"{}\"][\/et_pb_divider][\/et_pb_column][\/et_pb_row][et_pb_row padding_mobile=\"off\" column_padding_mobile=\"on\" admin_label=\"Fila\" _builder_version=\"4.16\" background_size=\"initial\" background_position=\"top_left\" background_repeat=\"repeat\" make_fullwidth=\"off\" use_custom_width=\"off\" width_unit=\"on\" global_colors_info=\"{}\"][et_pb_column type=\"4_4\" _builder_version=\"4.16\" custom_padding=\"|||\" global_colors_info=\"{}\" custom_padding__hover=\"|||\"][et_pb_text admin_label=\"NombreCentro\" _builder_version=\"4.17.4\" text_line_height=\"1.2em\" background_size=\"initial\" background_position=\"top_left\" background_repeat=\"repeat\" text_orientation=\"center\" background_layout=\"dark\" module_alignment=\"center\" use_border_color=\"off\" border_color=\"#ffffff\" border_style=\"solid\" global_colors_info=\"{}\"]<h3 style=\"text-align: center\"><strong>INSTITUTO DE INVESTIGACI\u00d3N EN INGENIER\u00cdA DE ELCHE - I3E<\/strong><\/h3>[\/et_pb_text][et_pb_image src=\"https:\/\/i3e.umh.es\/files\/2022\/09\/logo_instituto_I3E_letras_bl_fondo_transparente.png\" alt=\"logo_instituto_I3E_letras_bl_fondo_transparente\" title_text=\"logo_instituto_I3E_letras_bl_fondo_transparente\" align=\"center\" align_tablet=\"center\" align_phone=\"\" align_last_edited=\"on|desktop\" admin_label=\"LogoCentro\" _builder_version=\"4.17.4\" min_height=\"100px\" height=\"100px\" animation_style=\"fade\" animation_direction=\"left\" animation_duration=\"700ms\" use_border_color=\"off\" border_color=\"#ffffff\" border_style=\"solid\" animation=\"left\" sticky=\"off\" always_center_on_mobile=\"on\" global_colors_info=\"{}\"][\/et_pb_image][\/et_pb_column][\/et_pb_row][\/et_pb_section][et_pb_section fb_built=\"1\" admin_label=\"section\" _builder_version=\"4.16\" global_colors_info=\"{}\"][et_pb_row admin_label=\"row\" _builder_version=\"4.16\" background_size=\"initial\" background_position=\"top_left\" background_repeat=\"repeat\" global_colors_info=\"{}\"][et_pb_column type=\"4_4\" _builder_version=\"4.16\" custom_padding=\"|||\" global_colors_info=\"{}\" custom_padding__hover=\"|||\"][et_pb_text admin_label=\"Texto\" _builder_version=\"4.17.4\" text_text_color=\"#000000\" text_font_size=\"16px\" background_size=\"initial\" background_position=\"top_left\" background_repeat=\"repeat\" text_orientation=\"justified\" use_border_color=\"off\" border_color=\"#ffffff\" border_style=\"solid\" global_colors_info=\"{}\"]<p style=\"text-align: justify;\">Los distintos miembros que forman parte del Instituto de Investigaci\u00f3n <strong>I3E<\/strong>, participan en su mayor\u00eda dentro del programa de doctorado en Tecnolog\u00edas Industriales y de Telecomunicaci\u00f3n.<br \/>El Programa de Doctorado en Tecnolog\u00edas Industriales y de Telecomunicaci\u00f3n \u2013 TECNIT tiene como objetivo formar cient\u00edficos e investigadores en el \u00e1mbito de las tecnolog\u00edas propias de la Ingenier\u00eda Industrial y de la Ingenier\u00eda de Telecomunicaci\u00f3n. Se trata de un Programa de Doctorado ya adaptado a la actual nueva normativa del Real Decreto de Doctorado 99\/2011, y es continuaci\u00f3n de un programa previo en el mismo \u00e1mbito. En \u00e9l confluyen investigadores de Escuela Polit\u00e9cnica Superior de Elche \u2013 EPSE, perteneciente a la Universidad Miguel Hern\u00e1ndez \u2013 UMH. Est\u00e1 sustentado en la contrastada trayectoria acad\u00e9mica del profesorado que lo integra, la relevancia econ\u00f3mica y social de las l\u00edneas de investigaci\u00f3n que oferta, las sinergias y complementariedades existentes entre los equipos de investigaci\u00f3n participantes, y las numerosas y fruct\u00edferas colaboraciones con otras universidades, centros de investigaci\u00f3n y empresas del sector, tanto nacionales como internacionales, as\u00ed como con los Colegios Profesionales de Ingenieros Industriales y de Ingenieros de Telecomunicaci\u00f3n.<\/p>[\/et_pb_text][\/et_pb_column][\/et_pb_row][et_pb_row column_structure=\"1_4,1_2,1_4\" admin_label=\"Fila\" _builder_version=\"4.16\" background_size=\"initial\" background_position=\"top_left\" background_repeat=\"repeat\" global_colors_info=\"{}\"][et_pb_column type=\"1_4\" _builder_version=\"4.16\" custom_padding=\"|||\" global_colors_info=\"{}\" custom_padding__hover=\"|||\"][\/et_pb_column][et_pb_column type=\"1_2\" _builder_version=\"4.16\" custom_padding=\"|||\" global_colors_info=\"{}\" custom_padding__hover=\"|||\"][et_pb_cta title=\"Programa de Doctorado TECNIT\" button_url=\"http:\/\/tecnit.edu.umh.es\/\" url_new_window=\"on\" button_text=\"Ir al programa de doctorado\" admin_label=\"Llamada a la acci\u00f3n\" _builder_version=\"4.17.4\" background_size=\"initial\" background_position=\"top_left\" background_repeat=\"repeat\" hover_enabled=\"0\" border_width_all=\"0px\" border_color_all=\"#ffffff\" border_style_all=\"solid\" use_border_color=\"on\" border_color=\"#ffffff\" border_style=\"solid\" button_letter_spacing_hover=\"0\" global_colors_info=\"{}\" button_text_size__hover_enabled=\"off\" button_one_text_size__hover_enabled=\"off\" button_two_text_size__hover_enabled=\"off\" button_text_color__hover_enabled=\"off\" button_one_text_color__hover_enabled=\"off\" button_two_text_color__hover_enabled=\"off\" button_border_width__hover_enabled=\"off\" button_one_border_width__hover_enabled=\"off\" button_two_border_width__hover_enabled=\"off\" button_border_color__hover_enabled=\"off\" button_one_border_color__hover_enabled=\"off\" button_two_border_color__hover_enabled=\"off\" button_border_radius__hover_enabled=\"off\" button_one_border_radius__hover_enabled=\"off\" button_two_border_radius__hover_enabled=\"off\" button_letter_spacing__hover_enabled=\"on\" button_letter_spacing__hover=\"0\" button_one_letter_spacing__hover_enabled=\"off\" button_two_letter_spacing__hover_enabled=\"off\" button_bg_color__hover_enabled=\"off\" button_one_bg_color__hover_enabled=\"off\" button_two_bg_color__hover_enabled=\"off\" sticky_enabled=\"0\" background_color=\"#102c59\"][\/et_pb_cta][\/et_pb_column][et_pb_column type=\"1_4\" _builder_version=\"4.16\" custom_padding=\"|||\" global_colors_info=\"{}\" custom_padding__hover=\"|||\"][\/et_pb_column][\/et_pb_row][\/et_pb_section]","_et_gb_content_width":"","_links_to":"","_links_to_target":""},"_links":{"self":[{"href":"https:\/\/i3e.umh.es\/en\/wp-json\/wp\/v2\/pages\/4483"}],"collection":[{"href":"https:\/\/i3e.umh.es\/en\/wp-json\/wp\/v2\/pages"}],"about":[{"href":"https:\/\/i3e.umh.es\/en\/wp-json\/wp\/v2\/types\/page"}],"author":[{"embeddable":true,"href":"https:\/\/i3e.umh.es\/en\/wp-json\/wp\/v2\/users\/1"}],"replies":[{"embeddable":true,"href":"https:\/\/i3e.umh.es\/en\/wp-json\/wp\/v2\/comments?post=4483"}],"version-history":[{"count":0,"href":"https:\/\/i3e.umh.es\/en\/wp-json\/wp\/v2\/pages\/4483\/revisions"}],"wp:attachment":[{"href":"https:\/\/i3e.umh.es\/en\/wp-json\/wp\/v2\/media?parent=4483"}],"curies":[{"name":"wp","href":"https:\/\/api.w.org\/{rel}","templated":true}]}}