{"id":3409,"date":"2022-09-29T11:20:36","date_gmt":"2022-09-29T11:20:36","guid":{"rendered":"https:\/\/i3e.umh.es\/?page_id=3409"},"modified":"2025-04-16T10:35:02","modified_gmt":"2025-04-16T10:35:02","slug":"innovation","status":"publish","type":"page","link":"https:\/\/i3e.umh.es\/en\/innovation\/","title":{"rendered":"Innovation"},"content":{"rendered":"<p>[et_pb_section fb_built=&#8221;1&#8243; custom_padding_last_edited=&#8221;off|&#8221; disabled_on=&#8221;on|on|on&#8221; admin_label=&#8221;Secci\u00f3n&#8221; _builder_version=&#8221;4.17.4&#8243; background_color=&#8221;#000000&#8243; background_image=&#8221;https:\/\/i3e.umh.es\/files\/2019\/03\/banner_i3e2.jpg&#8221; width=&#8221;100%&#8221; max_width=&#8221;100%&#8221; height=&#8221;430px&#8221; custom_padding=&#8221;100px||100px||false|false&#8221; custom_padding_tablet=&#8221;50px|0|50px|0&#8243; transparent_background=&#8221;off&#8221; make_fullwidth=&#8221;off&#8221; use_custom_width=&#8221;off&#8221; width_unit=&#8221;on&#8221; disabled=&#8221;on&#8221; global_colors_info=&#8221;{}&#8221;][et_pb_row _builder_version=&#8221;4.17.4&#8243; _module_preset=&#8221;default&#8221; global_colors_info=&#8221;{}&#8221;][et_pb_column type=&#8221;4_4&#8243; _builder_version=&#8221;4.17.4&#8243; _module_preset=&#8221;default&#8221; global_colors_info=&#8221;{}&#8221;][et_pb_divider show_divider=&#8221;off&#8221; _builder_version=&#8221;4.17.4&#8243; _module_preset=&#8221;default&#8221; global_colors_info=&#8221;{}&#8221;][\/et_pb_divider][\/et_pb_column][\/et_pb_row][et_pb_row padding_mobile=&#8221;off&#8221; column_padding_mobile=&#8221;on&#8221; admin_label=&#8221;Fila&#8221; _builder_version=&#8221;4.16&#8243; background_size=&#8221;initial&#8221; background_position=&#8221;top_left&#8221; background_repeat=&#8221;repeat&#8221; make_fullwidth=&#8221;off&#8221; use_custom_width=&#8221;off&#8221; width_unit=&#8221;on&#8221; global_colors_info=&#8221;{}&#8221;][et_pb_column type=&#8221;4_4&#8243; _builder_version=&#8221;4.16&#8243; custom_padding=&#8221;|||&#8221; global_colors_info=&#8221;{}&#8221; custom_padding__hover=&#8221;|||&#8221;][et_pb_text admin_label=&#8221;NombreCentro&#8221; _builder_version=&#8221;4.17.4&#8243; text_line_height=&#8221;1.2em&#8221; background_size=&#8221;initial&#8221; background_position=&#8221;top_left&#8221; background_repeat=&#8221;repeat&#8221; text_orientation=&#8221;center&#8221; background_layout=&#8221;dark&#8221; module_alignment=&#8221;center&#8221; use_border_color=&#8221;off&#8221; border_color=&#8221;#ffffff&#8221; border_style=&#8221;solid&#8221; global_colors_info=&#8221;{}&#8221;]<\/p>\n<h3 style=\"text-align: center\"><strong>INSTITUTO DE INVESTIGACI\u00d3N EN INGENIER\u00cdA DE ELCHE &#8211; I3E<\/strong><\/h3>\n<p>[\/et_pb_text][et_pb_image src=&#8221;https:\/\/i3e.umh.es\/files\/2022\/09\/logo_instituto_I3E_letras_bl_fondo_transparente.png&#8221; alt=&#8221;logo_instituto_I3E_letras_bl_fondo_transparente&#8221; title_text=&#8221;logo_instituto_I3E_letras_bl_fondo_transparente&#8221; align=&#8221;center&#8221; align_tablet=&#8221;center&#8221; align_phone=&#8221;&#8221; align_last_edited=&#8221;on|desktop&#8221; admin_label=&#8221;LogoCentro&#8221; _builder_version=&#8221;4.17.4&#8243; min_height=&#8221;100px&#8221; height=&#8221;100px&#8221; animation_style=&#8221;fade&#8221; animation_direction=&#8221;left&#8221; animation_duration=&#8221;700ms&#8221; use_border_color=&#8221;off&#8221; border_color=&#8221;#ffffff&#8221; border_style=&#8221;solid&#8221; animation=&#8221;left&#8221; sticky=&#8221;off&#8221; always_center_on_mobile=&#8221;on&#8221; global_colors_info=&#8221;{}&#8221;][\/et_pb_image][\/et_pb_column][\/et_pb_row][\/et_pb_section][et_pb_section fb_built=&#8221;1&#8243; _builder_version=&#8221;4.16&#8243; global_colors_info=&#8221;{}&#8221;][et_pb_row disabled_on=&#8221;on|on|on&#8221; _builder_version=&#8221;4.16&#8243; disabled=&#8221;on&#8221; global_colors_info=&#8221;{}&#8221;][et_pb_column type=&#8221;4_4&#8243; _builder_version=&#8221;4.16&#8243; global_colors_info=&#8221;{}&#8221;][et_pb_text _builder_version=&#8221;4.17.4&#8243; text_text_color=&#8221;#000000&#8243; text_font_size=&#8221;16px&#8221; text_orientation=&#8221;justified&#8221; global_colors_info=&#8221;{}&#8221;]<\/p>\n<p style=\"text-align: justify\">Given the transversality that characterizes the branches of industrial engineering and communications, the application of the developments and knowledge\/capabilities of the I3E &#8211; UMH happens in multiple sectors to which solutions are offered to solve their needs. In this section of the website, a great part of the technological and knowledge offer of the I3E is detailed, as well as the projects with companies that have been run and that have allowed the transfer to the environment of the institute.<\/p>\n<p style=\"text-align: justify\">It should be highlighted that both the catalog of technology offer and the list of R&amp;D and innovation projects developed with companies reflect the fact that the alignment of the research groups is evident not only with general objectives of sustainable development and innovation in industrial infrastructures, but also with more specific and priority objectives currently related to sustainable cities, clean energy, resource management, healthcare, disaster response and even geopolitical planning with applications in improving people&#8217;s lives using Artificial Intelligence (AI), Big Data and Data Mining, and the Internet of Things (IoT).<\/p>\n<p style=\"text-align: justify\">In the following links you can find the information related to:<\/p>\n<ol>\n<li><a title=\"I3E's technological and knowledge\/services offers\" href=\"https:\/\/i3e.umh.es\/oferta-tecnologica\/\">Technological offer portfolio of the <strong>I3E<\/strong><\/a><\/li>\n<li><a title=\"Projects with companies, transfer I3E - environment\" href=\"https:\/\/i3e.umh.es\/proyectos-con-empresas-transferencia\/\">Projects with companies, transfer examples <strong>I3E<\/strong> &#8211; environment<\/a><\/li>\n<\/ol>\n<p>[\/et_pb_text][\/et_pb_column][\/et_pb_row][et_pb_row _builder_version=&#8221;4.16&#8243; global_colors_info=&#8221;{}&#8221;][et_pb_column type=&#8221;4_4&#8243; _builder_version=&#8221;4.16&#8243; global_colors_info=&#8221;{}&#8221;][et_pb_text _builder_version=&#8221;4.17.4&#8243; text_text_color=&#8221;#000000&#8243; text_font_size=&#8221;16px&#8221; text_orientation=&#8221;justified&#8221; custom_margin=&#8221;||-24px|||&#8221; global_colors_info=&#8221;{}&#8221;]<\/p>\n<p style=\"text-align: justify\">Given the transversality that characterizes the branches of industrial engineering and communications, the application of the developments and knowledge\/capabilities of the I3E &#8211; UMH happens in multiple sectors to which solutions are offered to solve their needs. In this section of the website, a great part of the technological and knowledge offer of the I3E is detailed, as well as the projects with companies that have been run and that have allowed the transfer to the environment of the institute.<\/p>\n<p>[\/et_pb_text][\/et_pb_column][\/et_pb_row][et_pb_row column_structure=&#8221;1_2,1_2&#8243; disabled_on=&#8221;on|on|on&#8221; _builder_version=&#8221;4.16&#8243; disabled=&#8221;on&#8221; global_colors_info=&#8221;{}&#8221;][et_pb_column type=&#8221;1_2&#8243; _builder_version=&#8221;4.16&#8243; global_colors_info=&#8221;{}&#8221;][et_pb_text _builder_version=&#8221;4.17.4&#8243; text_text_color=&#8221;#000000&#8243; text_font_size=&#8221;16px&#8221; text_orientation=&#8221;justified&#8221; custom_margin=&#8221;||-24px|||&#8221; global_colors_info=&#8221;{}&#8221;]<\/p>\n<p style=\"text-align: justify\">It should be highlighted that both the catalog of technology offer and the list of R&amp;D and innovation projects developed with companies reflect the fact that the alignment of the research groups is evident not only with general objectives of sustainable development and innovation in industrial infrastructures, but also with more specific and priority objectives currently related to sustainable cities, clean energy, resource management, healthcare, disaster response and even geopolitical planning with applications in improving people&#8217;s lives using Artificial Intelligence (AI), Big Data and Data Mining, and the Internet of Things (IoT).<\/p>\n<p style=\"text-align: justify\">In the following links you can find the information related to:<\/p>\n<ol>\n<li><a title=\"I3E's technological and knowledge\/services offers\" href=\"https:\/\/i3e.umh.es\/oferta-tecnologica\/\">Technological offer portfolio of the <strong>I3E<\/strong><\/a><\/li>\n<li><a title=\"Projects with companies, transfer I3E - environment\" href=\"https:\/\/i3e.umh.es\/proyectos-con-empresas-transferencia\/\">Projects with companies, transfer examples <strong>I3E<\/strong> &#8211; environment<\/a><\/li>\n<\/ol>\n<p>[\/et_pb_text][\/et_pb_column][et_pb_column type=&#8221;1_2&#8243; _builder_version=&#8221;4.16&#8243; global_colors_info=&#8221;{}&#8221;][et_pb_text _builder_version=&#8221;4.17.4&#8243; _module_preset=&#8221;default&#8221; text_text_color=&#8221;#000000&#8243; global_colors_info=&#8221;{}&#8221;]<\/p>\n<p>[\/et_pb_text][\/et_pb_column][\/et_pb_row][et_pb_row column_structure=&#8221;1_2,1_2&#8243; _builder_version=&#8221;4.17.4&#8243; _module_preset=&#8221;default&#8221; global_colors_info=&#8221;{}&#8221;][et_pb_column type=&#8221;1_2&#8243; _builder_version=&#8221;4.17.4&#8243; _module_preset=&#8221;default&#8221; global_colors_info=&#8221;{}&#8221;][et_pb_text _builder_version=&#8221;4.17.4&#8243; text_text_color=&#8221;#000000&#8243; text_font_size=&#8221;16px&#8221; text_orientation=&#8221;justified&#8221; custom_margin=&#8221;||-24px|||&#8221; global_colors_info=&#8221;{}&#8221;]<\/p>\n<p style=\"text-align: justify\">It should be highlighted that both the catalog of technology offer and the list of R&amp;D and innovation projects developed with companies reflect the fact that the alignment of the research groups is evident not only with general objectives of sustainable development and innovation in industrial infrastructures, but also with more specific and priority objectives currently related to sustainable cities, clean energy, resource management, healthcare, disaster response and even geopolitical planning with applications in improving people&#8217;s lives using Artificial Intelligence (AI), Big Data and Data Mining, and the Internet of Things (IoT).<\/p>\n<p style=\"text-align: justify\">In the following links you can find the information related to:<\/p>\n<ol>\n<li><a title=\"I3E's technological and knowledge\/services offers\" href=\"https:\/\/i3e.umh.es\/oferta-tecnologica\/\">Technological offer portfolio of the <strong>I3E<\/strong><\/a><\/li>\n<li><a href=\"https:\/\/i3e.umh.es\/innovacion\/infraestructuras-laboratorios-y-equipamiento\/\" target=\"_blank\" rel=\"noopener\">Facilities (laboratories and equipment) of the <strong>I3E<\/strong><\/a><\/li>\n<li><a title=\"Projects with companies, transfer I3E - environment\" href=\"https:\/\/i3e.umh.es\/proyectos-con-empresas-transferencia\/\">Projects with companies, transfer examples <strong>I3E<\/strong> &#8211; environment<\/a><\/li>\n<\/ol>\n<p>[\/et_pb_text][\/et_pb_column][et_pb_column type=&#8221;1_2&#8243; _builder_version=&#8221;4.17.4&#8243; _module_preset=&#8221;default&#8221; global_colors_info=&#8221;{}&#8221;][et_pb_text disabled_on=&#8221;on|on|on&#8221; _builder_version=&#8221;4.17.4&#8243; _module_preset=&#8221;default&#8221; text_text_color=&#8221;#000000&#8243; disabled=&#8221;on&#8221; global_colors_info=&#8221;{}&#8221;]<iframe loading=\"lazy\" width=\"560\" height=\"315\" src=\"https:\/\/youtu.be\/lLLx0aV8OsE?si=_UNU6I2L-fLmV4eT?si=_UNU6I2L-fLmV4eT?modestbranding=1&#038;rel=0&#038;autoplay=1\" \ntitle=\"YouTube video player\" frameborder=\"0\" \nallow=\"accelerometer; autoplay; clipboard-write; encrypted-media; gyroscope; picture-in-picture\" allowfullscreen><\/iframe>[\/et_pb_text][et_pb_code _builder_version=&#8221;4.17.4&#8243; _module_preset=&#8221;default&#8221; hover_enabled=&#8221;0&#8243; global_colors_info=&#8221;{}&#8221; sticky_enabled=&#8221;0&#8243;]<iframe loading=\"lazy\" width=\"560\" height=\"315\" src=\"https:\/\/www.youtube.com\/embed\/lLLx0aV8OsE?si=_UNU6I2L-fLmV4eT?si=_UNU6I2L-fLmV4eT?modestbranding=1&#038;rel=0&#038;autoplay=1\" <!-- [et_pb_line_break_holder] -->title=&#8221;YouTube video player&#8221; frameborder=&#8221;0&#8243; <!-- [et_pb_line_break_holder] -->allow=&#8221;accelerometer; autoplay; clipboard-write; encrypted-media; gyroscope; picture-in-picture&#8221; allowfullscreen><\/iframe><!-- [et_pb_line_break_holder] -->[\/et_pb_code][\/et_pb_column][\/et_pb_row][\/et_pb_section]<\/p>\n","protected":false},"excerpt":{"rendered":"<p>INSTITUTO DE INVESTIGACI\u00d3N EN INGENIER\u00cdA DE ELCHE &#8211; I3EGiven the transversality that characterizes the branches of industrial engineering and communications, the application of the developments and knowledge\/capabilities of the I3E &#8211; UMH happens in multiple sectors to which solutions are offered to solve their needs. In this section of the website, a great part of [&hellip;]<\/p>\n","protected":false},"author":3158,"featured_media":0,"parent":0,"menu_order":0,"comment_status":"closed","ping_status":"closed","template":"","meta":{"_et_pb_use_builder":"on","_et_pb_old_content":"[et_pb_section fb_built=\"1\" custom_padding_last_edited=\"off|\" disabled_on=\"off|off|off\" admin_label=\"Secci\u00f3n\" _builder_version=\"4.17.4\" background_color=\"#000000\" background_image=\"https:\/\/i3e.umh.es\/files\/2019\/03\/banner_i3e2.jpg\" width=\"100%\" max_width=\"100%\" height=\"430px\" custom_padding=\"100px||100px||false|false\" custom_padding_tablet=\"50px|0|50px|0\" transparent_background=\"off\" make_fullwidth=\"off\" use_custom_width=\"off\" width_unit=\"on\" global_colors_info=\"{}\" theme_builder_area=\"post_content\"][et_pb_row _builder_version=\"4.17.4\" _module_preset=\"default\" global_colors_info=\"{}\" theme_builder_area=\"post_content\"][et_pb_column type=\"4_4\" _builder_version=\"4.17.4\" _module_preset=\"default\" global_colors_info=\"{}\" theme_builder_area=\"post_content\"][et_pb_divider show_divider=\"off\" _builder_version=\"4.17.4\" _module_preset=\"default\" global_colors_info=\"{}\" theme_builder_area=\"post_content\"][\/et_pb_divider][\/et_pb_column][\/et_pb_row][et_pb_row padding_mobile=\"off\" column_padding_mobile=\"on\" admin_label=\"Fila\" _builder_version=\"4.16\" background_size=\"initial\" background_position=\"top_left\" background_repeat=\"repeat\" make_fullwidth=\"off\" use_custom_width=\"off\" width_unit=\"on\" global_colors_info=\"{}\" theme_builder_area=\"post_content\"][et_pb_column type=\"4_4\" _builder_version=\"4.16\" custom_padding=\"|||\" global_colors_info=\"{}\" custom_padding__hover=\"|||\" theme_builder_area=\"post_content\"][et_pb_text admin_label=\"NombreCentro\" _builder_version=\"4.17.4\" text_line_height=\"1.2em\" background_size=\"initial\" background_position=\"top_left\" background_repeat=\"repeat\" text_orientation=\"center\" background_layout=\"dark\" module_alignment=\"center\" use_border_color=\"off\" border_color=\"#ffffff\" border_style=\"solid\" global_colors_info=\"{}\" theme_builder_area=\"post_content\"]<h3 style=\"text-align: center\"><strong>INSTITUTO DE INVESTIGACI\u00d3N EN INGENIER\u00cdA DE ELCHE - I3E<\/strong><\/h3>[\/et_pb_text][et_pb_image src=\"https:\/\/i3e.umh.es\/files\/2022\/09\/logo_instituto_I3E_letras_bl_fondo_transparente.png\" alt=\"logo_instituto_I3E_letras_bl_fondo_transparente\" title_text=\"logo_instituto_I3E_letras_bl_fondo_transparente\" align=\"center\" align_tablet=\"center\" align_phone=\"\" align_last_edited=\"on|desktop\" admin_label=\"LogoCentro\" _builder_version=\"4.17.4\" min_height=\"100px\" height=\"100px\" animation_style=\"fade\" animation_direction=\"left\" animation_duration=\"700ms\" use_border_color=\"off\" border_color=\"#ffffff\" border_style=\"solid\" animation=\"left\" sticky=\"off\" always_center_on_mobile=\"on\" global_colors_info=\"{}\" theme_builder_area=\"post_content\"][\/et_pb_image][\/et_pb_column][\/et_pb_row][\/et_pb_section][et_pb_section fb_built=\"1\" _builder_version=\"4.16\" global_colors_info=\"{}\"][et_pb_row _builder_version=\"4.16\" global_colors_info=\"{}\"][et_pb_column type=\"4_4\" _builder_version=\"4.16\" global_colors_info=\"{}\"][et_pb_text _builder_version=\"4.16\" global_colors_info=\"{}\"]<h2><strong>INNOVACI\u00d3N<\/strong><\/h2>\r\n<p style=\"text-align: justify\">Dada la transversalidad que caracteriza a las ramas de ingenier\u00eda industrial y de comunicaciones, la aplicaci\u00f3n de los desarrollos y conocimientos\/capacidades del I3E \u2013 UMH se da en m\u00faltiples sectores a los que se ofrecen soluciones para resolver sus necesidades. En este apartado de la web se presenta tanto gran parte de la oferta tecnol\u00f3gica y de conocimiento del I3E como los proyectos con empresas realizados y que han permitido llevar a cabo transferencia hacia el entorno del centro.<\/p>\r\n<p style=\"text-align: justify\">Cabe destacar que tanto en el cat\u00e1logo de oferta como en la relaci\u00f3n de proyectos de I+D e innovaci\u00f3n desarrollados con empresas se refleja el hecho de que la alineaci\u00f3n de los grupos de investigaci\u00f3n es evidente no solo con objetivos generales de desarrollo sostenible e innovaci\u00f3n en infraestructuras industriales, sino tambi\u00e9n con objetivos m\u00e1s espec\u00edficos y prioritarios actualmente relativos a ciudades sostenibles, energ\u00eda no contaminante, gesti\u00f3n de recursos, salud, respuesta a cat\u00e1strofes e incluso planificaci\u00f3n geopol\u00edtica con aplicaciones en la mejora de la vida de las personas utilizando la inteligencia artificial (IA o AI, sigla en ingl\u00e9s), el \u201cBig Data\u201d y \u201cData Mining\u201d y el internet de las cosas (IoT, sigla en ingl\u00e9s).<\/p>\r\n<p style=\"text-align: justify\">En los siguientes enlaces se puede encontrar la informaci\u00f3n relativa a:<\/p>\r\n<ol>\r\n<li><a title=\"Oferta de desarrollos tecnol\u00f3gicos y de conocimiento del I3E\" href=\"https:\/\/i3e.umh.es\/oferta-tecnologica\/\">Oferta de desarrollos tecnol\u00f3gicos y de conocimiento del <strong>I3E<\/strong><\/a><\/li>\r\n<li><a title=\"Proyectos con empresas, transferencia I3E - entorno\" href=\"https:\/\/i3e.umh.es\/proyectos-con-empresas-transferencia\/\">Proyectos con empresas, transferencia <strong>I3E<\/strong> - entorno<\/a><\/li>\r\n<\/ol>[\/et_pb_text][\/et_pb_column][\/et_pb_row][\/et_pb_section]","_et_gb_content_width":"","_links_to":"","_links_to_target":""},"_links":{"self":[{"href":"https:\/\/i3e.umh.es\/en\/wp-json\/wp\/v2\/pages\/3409"}],"collection":[{"href":"https:\/\/i3e.umh.es\/en\/wp-json\/wp\/v2\/pages"}],"about":[{"href":"https:\/\/i3e.umh.es\/en\/wp-json\/wp\/v2\/types\/page"}],"author":[{"embeddable":true,"href":"https:\/\/i3e.umh.es\/en\/wp-json\/wp\/v2\/users\/3158"}],"replies":[{"embeddable":true,"href":"https:\/\/i3e.umh.es\/en\/wp-json\/wp\/v2\/comments?post=3409"}],"version-history":[{"count":0,"href":"https:\/\/i3e.umh.es\/en\/wp-json\/wp\/v2\/pages\/3409\/revisions"}],"wp:attachment":[{"href":"https:\/\/i3e.umh.es\/en\/wp-json\/wp\/v2\/media?parent=3409"}],"curies":[{"name":"wp","href":"https:\/\/api.w.org\/{rel}","templated":true}]}}